{"id":880,"date":"2020-08-27T10:33:01","date_gmt":"2020-08-27T10:33:01","guid":{"rendered":"http:\/\/shetransforms.at\/?page_id=880"},"modified":"2020-12-11T20:36:05","modified_gmt":"2020-12-11T20:36:05","slug":"chameleon-shinebright-workshop","status":"publish","type":"page","link":"https:\/\/shetransforms.at\/index.php\/the-new-umoma-opens-its-doors-2\/chameleon-shinebright-workshop\/","title":{"rendered":"CHAM\u00c4LEON Shine bright! Workshop"},"content":{"rendered":"\n<figure class=\"wp-block-image alignfull size-large\"><img decoding=\"async\" src=\"https:\/\/shetransforms.at\/wp-content\/uploads\/2020\/12\/Copy-of-Copy-of-Copy-of-FB-Header-Temp-2-1024x683.jpg\" alt=\"\" class=\"wp-image-2031\"\/><\/figure>\n\n\n\n<h4 class=\"has-text-align-center wp-block-heading\"><span style=\"color:#630045\" class=\"has-inline-color\">F\u00dcR BEWUSSTE <br>MENSCHEN UND SOULPRENEURS, <br>DIE ENDLICH STRAHLEN WOLLEN.<\/span><\/h4>\n\n\n\n<p>Tauche ein in deine ureigene Essenz, deine wahren Werte und Visionen. Verabschiede dich davon, die Erwartungen Anderer zu erf\u00fcllen und starte heute das Leben das dir wirklich entspricht.  <br><br>Deine Tr\u00e4ume sind Wegweiser f\u00fcr Deinen Weg und deine Berufung. Du weisst was Du willst und was Dir wirklich wichtig ist.<\/p>\n\n\n\n<h4 class=\"has-text-align-center wp-block-heading\"><span style=\"color:#630045\" class=\"has-inline-color\">CHAM\u00c4LEON BIST DU BEREIT, <br>DICH GANZ ZU LEBEN?<\/span><\/h4>\n\n\n\n<h6 class=\"has-text-align-center wp-block-heading\"><em>Wir starten am 14. Dezember 2020<\/em><\/h6>\n\n\n\n<p>Du tickst immer schon ein wenig anders?<br>Dein Geist und deine Kreativit\u00e4t tr\u00e4umten immer schon gross.<br>Du bist eine Utopistin, haben sie gesagt. Und was Du jetzt schon wieder vorhast!<\/p>\n\n\n\n<p>Aber Du weisst, dass das was Du f\u00fchlst deine Wahrheit ist. Auch wenn es sich immer wieder ver\u00e4ndert. Denn Du bist ein Cham\u00e4leon.<br><br>Und Du weisst was ich damit meine: <br>Deine Vielseitigkeit und deine Ideen, deine Talente und St\u00e4rken &#8211; sie sind ein Segen und Fluch zugleich. <br><br> Denn Du entsprichst nicht der Masse und passt in keine Schublade.<br>Vielleicht f\u00fchlst Du dich unverstanden, wirst bel\u00e4chelt oder f\u00fcr gr\u00f6ssenwahnsinnig gehalten. Aber das ist dir egal.<\/p>\n\n\n\n<h4 class=\"has-text-align-center wp-block-heading\"><span style=\"color:#630045\" class=\"has-inline-color\">ERINNERE DICH, WER DU WIRKLICH BIST<\/span><\/h4>\n\n\n\n<p>Du bist dir deiner Selbst bewusst, kennst deine F\u00e4higkeiten, St\u00e4rken und auch deine Schw\u00e4chen, aber vertraust Dir selbst noch nicht genug und zweifelst. Daran, ob deine ganz spezielle Art da draussen tats\u00e4chlich gebraucht wird. Und wie Du all deine Facetten erstrahlen lassen kannst.<br><br>So gehst Du zwei Schritte vor und einen zur\u00fcck, nur nicht zu weit rauslehnen! Nur nicht zu viel von mir zeigen, denn wom\u00f6glich scheitere ich oder werde abgelehnt.<br>Ich sag dir was: Du scheiterst nur, wenn Du gar nicht erst losgehst.<br>Aber jeder kleinste Schritt in deine Richtung, deine Wahrheit wird dein Leben wahrhaftiger, echter und erf\u00fcllter werden lassen.<br>Niemand profitiert, wenn Du dich verleugnest.<\/p>\n\n\n\n<h4 class=\"has-text-align-center wp-block-heading\"><span style=\"color:#630045\" class=\"has-inline-color\">DEINE BESONDERHEIT<\/span><br><span style=\"color:#630045\" class=\"has-inline-color\"> IST DEINE SUPERPOWER<\/span><\/h4>\n\n\n\n<p>Du weisst also um deine Einzigartigkeit, aber dir fehlt noch ein Puzzleteil &#8211; die Klarheit um zu erkennen, wie Du dich in dieser Welt zum Ausdruck bringen kannst. Wie Du die Sichtbarkeit erlangst, die Du dir immer schon gew\u00fcnscht hast.<br><br>2020 haben Selbstl\u00fcge und Selbstsabotage ausgedient. Alles kommt ans Licht und will angesehen und transformiert werden. Mindset, Spirit, Emotion, Trauma. No more bullshit stories. Und es wird so weitergehen, nur noch viel intensiver.<\/p>\n\n\n\n<figure class=\"wp-block-image alignfull size-large\"><img decoding=\"async\" src=\"https:\/\/shetransforms.at\/wp-content\/uploads\/2020\/11\/Du-bist-die-nach-der-Du-immer-gesucht-hast.-1024x706.png\" alt=\"\" class=\"wp-image-2014\"\/><\/figure>\n\n\n\n<p class=\"has-text-align-left\">Wenn Du erst einmal erkannt hast, was dich Besonders macht,<br>was Du wirklich zu geben hast, ist es ein leichtes, deine Farben erstrahlen zu lassen.<br><br>H\u00e4ufig sind wir jedoch betriebsblind, denn was f\u00fcr Dich selbstverst\u00e4ndlich ist, also das, wie Du in Wahrheit bereits bist, erachtest Du nicht als deine Einzigartigkeit. Es ist dein Normal. <br>Doch genau hier liegt der Schl\u00fcssel. <br><br>Du brauchst nicht im Aussen danach zu suchen, keine x Ausbildungen mehr zu machen, dich nicht mit \u00e4usseren Atrributen zu schm\u00fccken um deine wahre Essenz zu leben.<br><br>Denn was dich tats\u00e4chlich ausmacht ist immer schon in dir, gepaart mit all deinen Erfahrungen, deinem Wissen und deinen Kompetenzen.<br>Daraus darfst Du sch\u00f6pfen, das ist das Geschenk, auf das die Welt schon so lange gewartet hat.<\/p>\n\n\n\n<div class=\"wp-block-group\"><div class=\"wp-block-group__inner-container is-layout-flow wp-block-group-is-layout-flow\">\n<h4 class=\"has-text-align-center wp-block-heading\"><span style=\"color:#630045\" class=\"has-inline-color\">W\u00c4HLE DIE ABK\u00dcRZUNG<\/span><\/h4>\n<\/div><\/div>\n\n\n\n<p class=\"has-text-align-left\">Du hast keine Lust mehr auf monatelange Selbsterfahrungs-Programme, um danach erst wieder dort zu stehen, wo Du angefangen hast? Du willst dich nicht mehr mit 08\/15 Aussagen abspeisen lassen, sondern Infos \u00fcber dich entdecken, auf denen Du weiter bauen kannst?<br><br>Voil\u00e1 &#8211; <strong><span style=\"color:#630045\" class=\"has-inline-color\">DEIN CHAM\u00c4LEON SHINE BRIGHT!<\/span><\/strong> Workshop<br>Dein deep dive in deine Einzigartigkeit.<br><br>An 5 TAGEN f\u00fchre ich dich auf eine Reise in deine Essenz, dein individuelles Human Design &#8211; deinen ureigenen Fingerprint deines genetischen Codes. <br>In intensiven Lektionen tauchst Du in deinen wahren Kern, um dich daran zu erinnern, was alles in dir verborgen liegt.<br>Du erf\u00e4hrst, wie Deine nat\u00fcrliche Aussenwirkung ist, also das, wie die Welt dich wahrnimmt.<br>Du lernst, warum es so wichtig ist, m\u00e4nnliche und weibliche Energie auszubalancieren, und wie Du deine Tr\u00e4ume auch tats\u00e4chlich auf die Erde bringst. <br><br><strong><span style=\"color:#630045\" class=\"has-inline-color\">5 TAGE DEEP DIVE<\/span><\/strong> <br><br>Tag 1   <span style=\"color:#630045\" class=\"has-inline-color\"><strong>DEINE ESSENZ<\/strong><\/span> &#8211; deine Werte, Deine Botschaft<br>Tag 2   <span style=\"color:#630045\" class=\"has-inline-color\"><strong>HUMAN DESIGN<\/strong> <\/span>&#8211; dein Energie-Typ &amp; Wesenskern<br>Tag 3   <span style=\"color:#630045\" class=\"has-inline-color\"><strong>HUMAN DESIGN<\/strong><\/span> &#8211; deine K\u00f6rperintelligenz &amp; Strategie<br>Tag 4   <span style=\"color:#630045\" class=\"has-inline-color\"><strong>DEINE FREQUENZ<\/strong><\/span> &#8211; wie du dich &amp; dein Leben uplevelst<br>Tag 5  <span style=\"color:#630045\" class=\"has-inline-color\"><strong>MANIFEST YOUR LIFE<\/strong><\/span> &#8211; wie dein Traum zur Wirklichkeit wird<br><br>F\u00fcr f\u00fcnf gemeinsame Tage gehen wir t\u00e4glich 1-2 Stunden lang in die Tiefe deiner Wahrheit. Wir sp\u00fcren auf, wo Deine Geniezone liegt und wie Du all deine Facetten am besten zum Strahlen bringst.<br><br>Eine eigene Facebook Gruppe unterst\u00fctzt deinen Prozess durch zus\u00e4tzliche Inputs, Austausch &amp; Support.<\/p>\n\n\n\n<h4 class=\"has-text-align-center wp-block-heading\"><span style=\"color:#630045\" class=\"has-inline-color\">ES IST SICHER DU SELBST ZU SEIN<\/span><\/h4>\n\n\n\n<p>Sobald Du dir selbst vertraust und deine &#8211; f\u00fcr dich vielleicht selbstverst\u00e4ndlichen &#8211; Werte &amp; F\u00e4higkeiten erkannt hast wirst Du bemerken, wie einfach es ist, diese in der Welt er-scheinen zu lassen. <br><br>Du brauchst keine Rolle mehr zu spielen, denn DU LEBST DICH mit allem was Du bist. Ja, es darf so einfach sein! <br>F\u00fchl da mal rein, wenn Du alle deine Farben voller Vertrauen lebst und der Welt damit dienst. Das macht dich gl\u00fccklich, erf\u00fcllt und schenkt dir ein Gef\u00fchl der Sinnhaftigkeit. <br><br>Dieser Workshop ist f\u00fcr dich, wenn Du dein Leben AKTIV in die eigenen H\u00e4nde nehmen und deinen n\u00e4chsten Schritt gehen willst. Ohne Wenn und Aber.<\/p>\n\n\n\n<h4 class=\"has-text-align-center wp-block-heading\"><span style=\"color:#630045\" class=\"has-inline-color\">BIST DU BEREIT ZU STRAHLEN?<\/span><\/h4>\n\n\n\n<p>CHAM\u00c4LEON &#8211; SHINE BRIGHT! WORKSHOP<br>WANN? 14.-18.12.20, jeweils von 19.00-21.00 Uhr<br>WO? Online via ZOOM-Calls oder FB Live (je nach Teilnehmerzahl)<br><br>Buche deinen Cham\u00e4leon Workshop f\u00fcr 111,- \u20ac incl. Mwst.<\/p>\n\n\n\n<div class=\"wp-block-group\"><div class=\"wp-block-group__inner-container is-layout-flow wp-block-group-is-layout-flow\">\n<div class=\"wp-block-buttons aligncenter is-layout-flex wp-block-buttons-is-layout-flex\">\n<div class=\"wp-block-button is-style-fill\"><a class=\"wp-block-button__link\" href=\"mailto:office@shetransforms.at\">JETZT BUCHEN<\/a><\/div>\n<\/div>\n<\/div><\/div>\n\n\n\n<p>Sobald deine Email bei uns eingelangt ist erh\u00e4ltst Du alle Zugangsinfos sowie die Einladung in die private FB Gruppe.<\/p>\n\n\n\n<p>Ich freue mich riesig auf Dich!<br>Love, MILA<\/p>\n\n\n\n<figure class=\"wp-block-image alignfull size-large\"><img decoding=\"async\" src=\"https:\/\/shetransforms.at\/wp-content\/uploads\/2020\/11\/Add-a-heading-1024x686.png\" alt=\"\" class=\"wp-image-2011\"\/><\/figure>\n\n\n\n<p><\/p>\n","protected":false},"excerpt":{"rendered":"<p>F\u00dcR BEWUSSTE MENSCHEN UND SOULPRENEURS, DIE ENDLICH STRAHLEN WOLLEN. Tauche ein in deine ureigene Essenz, deine wahren Werte und Visionen. Verabschiede dich davon, die Erwartungen Anderer zu erf\u00fcllen und starte heute das Leben das dir wirklich entspricht. Deine Tr\u00e4ume sind Wegweiser f\u00fcr Deinen Weg und deine Berufung. Du weisst was Du willst und was Dir [&hellip;]<\/p>\n","protected":false},"author":1,"featured_media":0,"parent":8,"menu_order":0,"comment_status":"closed","ping_status":"closed","template":"","meta":{"footnotes":""},"class_list":["post-880","page","type-page","status-publish","hentry"],"_links":{"self":[{"href":"https:\/\/shetransforms.at\/index.php\/wp-json\/wp\/v2\/pages\/880","targetHints":{"allow":["GET"]}}],"collection":[{"href":"https:\/\/shetransforms.at\/index.php\/wp-json\/wp\/v2\/pages"}],"about":[{"href":"https:\/\/shetransforms.at\/index.php\/wp-json\/wp\/v2\/types\/page"}],"author":[{"embeddable":true,"href":"https:\/\/shetransforms.at\/index.php\/wp-json\/wp\/v2\/users\/1"}],"replies":[{"embeddable":true,"href":"https:\/\/shetransforms.at\/index.php\/wp-json\/wp\/v2\/comments?post=880"}],"version-history":[{"count":177,"href":"https:\/\/shetransforms.at\/index.php\/wp-json\/wp\/v2\/pages\/880\/revisions"}],"predecessor-version":[{"id":2076,"href":"https:\/\/shetransforms.at\/index.php\/wp-json\/wp\/v2\/pages\/880\/revisions\/2076"}],"up":[{"embeddable":true,"href":"https:\/\/shetransforms.at\/index.php\/wp-json\/wp\/v2\/pages\/8"}],"wp:attachment":[{"href":"https:\/\/shetransforms.at\/index.php\/wp-json\/wp\/v2\/media?parent=880"}],"curies":[{"name":"wp","href":"https:\/\/api.w.org\/{rel}","templated":true}]}}