{"id":8476,"date":"2022-09-23T18:41:08","date_gmt":"2022-09-23T18:41:08","guid":{"rendered":"https:\/\/shetransforms.at\/?page_id=8476"},"modified":"2025-11-18T19:56:25","modified_gmt":"2025-11-18T19:56:25","slug":"into-my-light-6","status":"publish","type":"page","link":"https:\/\/shetransforms.at\/index.php\/into-my-light-6\/","title":{"rendered":"Into my Light"},"content":{"rendered":"\n<figure class=\"wp-block-image size-large is-style-default\"><img loading=\"lazy\" decoding=\"async\" width=\"1024\" height=\"1024\" src=\"https:\/\/shetransforms.at\/wp-content\/uploads\/2025\/11\/5-1-1024x1024.png\" alt=\"\" class=\"wp-image-11735\" srcset=\"https:\/\/shetransforms.at\/wp-content\/uploads\/2025\/11\/5-1-1024x1024.png 1024w, https:\/\/shetransforms.at\/wp-content\/uploads\/2025\/11\/5-1-300x300.png 300w, https:\/\/shetransforms.at\/wp-content\/uploads\/2025\/11\/5-1-150x150.png 150w, https:\/\/shetransforms.at\/wp-content\/uploads\/2025\/11\/5-1-768x768.png 768w, https:\/\/shetransforms.at\/wp-content\/uploads\/2025\/11\/5-1-450x450.png 450w, https:\/\/shetransforms.at\/wp-content\/uploads\/2025\/11\/5-1-600x600.png 600w, https:\/\/shetransforms.at\/wp-content\/uploads\/2025\/11\/5-1-100x100.png 100w, https:\/\/shetransforms.at\/wp-content\/uploads\/2025\/11\/5-1.png 1080w\" sizes=\"auto, (max-width: 1024px) 100vw, 1024px\" \/><\/figure>\n\n\n\n<p class=\"has-text-align-center has-text-color\" style=\"color:#c4900c\"><mark style=\"background-color:rgba(0, 0, 0, 0);color:#ffffff\" class=\"has-inline-color\"><br><strong>1:1 Offline Energetik &amp; ThetaHealing Session<\/strong><\/mark><\/p>\n\n\n\n<p class=\"has-text-align-center has-text-color\" style=\"color:#c4900c\"><mark style=\"background-color:rgba(0, 0, 0, 0);color:#ffffff\" class=\"has-inline-color\">Du m\u00f6chtest gerne offline mit mir arbeiten?<\/mark><\/p>\n\n\n\n<p class=\"has-text-align-center has-accent-color has-text-color\"><mark style=\"background-color:rgba(0, 0, 0, 0);color:#ffffff\" class=\"has-inline-color\">Du hast ein oder mehrere Themen, die dich besch\u00e4ftigen, und die Du ver\u00e4ndern m\u00f6chtest?<br><br>Du steckst pers\u00f6nlich, in deiner Beziehung oder im Beruf fest und willst diese Bereiche auf ein neues Level bringen?<br><br>Du hast immer wieder mit gesundheitlichen Problemen zu k\u00e4mpfen? <br><br>Du m\u00f6chtest wieder in den Flow kommen, dich richtig wohl f\u00fchlen und kraftvoll deinen n\u00e4chsten Schritt gehen?<br><br>In der pers\u00f6nlichen Heilsession<br>gehen wir deinem Thema auf den Grund und arbeiten energetisch an deren Ursache um eine dauerhafte Ver\u00e4nderung herbeizuf\u00fchren.<br><br>Dabei kombiniere ich je nach Bedarf<br>Energetisches Heilen, ThetaHealing und Ahnen Heilung.<br>Dein Human Design, das ich mir vorab ansehe, bildet die Basis unserer gemeinsamen Arbeit.<br><br><br>DAUER pro Session 60-90 min<br>Energieausgleich \u20ac 110,-<br><br><br>Melde dich gerne via <a href=\"mailto:office@shetransforms.at\">E-mail<\/a> oder Telefon f\u00fcr deinen Termin und wir besprechen wie ich Dich am Besten unterst\u00fctzen kann.<\/mark><\/p>\n\n\n\n<p class=\"has-text-align-center has-text-color\" style=\"color:#c4900c\"><mark style=\"background-color:rgba(0, 0, 0, 0)\" class=\"has-inline-color has-accent-color\"><br><br><\/mark><strong><mark style=\"background-color:rgba(0, 0, 0, 0);color:#ffffff\" class=\"has-inline-color\">AUF DEINEN FLOW!<\/mark><\/strong><\/p>\n\n\n\n<p><\/p>\n","protected":false},"excerpt":{"rendered":"<p>1:1 Offline Energetik &amp; ThetaHealing Session Du m\u00f6chtest gerne offline mit mir arbeiten? Du hast ein oder mehrere Themen, die dich besch\u00e4ftigen, und die Du ver\u00e4ndern m\u00f6chtest? Du steckst pers\u00f6nlich, in deiner Beziehung oder im Beruf fest und willst diese Bereiche auf ein neues Level bringen? Du hast immer wieder mit gesundheitlichen Problemen zu k\u00e4mpfen? [&hellip;]<\/p>\n","protected":false},"author":1,"featured_media":0,"parent":0,"menu_order":0,"comment_status":"closed","ping_status":"closed","template":"","meta":{"footnotes":""},"class_list":["post-8476","page","type-page","status-publish","hentry"],"_links":{"self":[{"href":"https:\/\/shetransforms.at\/index.php\/wp-json\/wp\/v2\/pages\/8476","targetHints":{"allow":["GET"]}}],"collection":[{"href":"https:\/\/shetransforms.at\/index.php\/wp-json\/wp\/v2\/pages"}],"about":[{"href":"https:\/\/shetransforms.at\/index.php\/wp-json\/wp\/v2\/types\/page"}],"author":[{"embeddable":true,"href":"https:\/\/shetransforms.at\/index.php\/wp-json\/wp\/v2\/users\/1"}],"replies":[{"embeddable":true,"href":"https:\/\/shetransforms.at\/index.php\/wp-json\/wp\/v2\/comments?post=8476"}],"version-history":[{"count":29,"href":"https:\/\/shetransforms.at\/index.php\/wp-json\/wp\/v2\/pages\/8476\/revisions"}],"predecessor-version":[{"id":11758,"href":"https:\/\/shetransforms.at\/index.php\/wp-json\/wp\/v2\/pages\/8476\/revisions\/11758"}],"wp:attachment":[{"href":"https:\/\/shetransforms.at\/index.php\/wp-json\/wp\/v2\/media?parent=8476"}],"curies":[{"name":"wp","href":"https:\/\/api.w.org\/{rel}","templated":true}]}}