{"id":8,"date":"2020-08-06T12:51:44","date_gmt":"2020-08-06T12:51:44","guid":{"rendered":"http:\/\/shetransforms.at\/?page_id=8"},"modified":"2026-03-25T10:56:11","modified_gmt":"2026-03-25T10:56:11","slug":"the-new-umoma-opens-its-doors-2","status":"publish","type":"page","link":"https:\/\/shetransforms.at\/","title":{"rendered":"Home"},"content":{"rendered":"\n<figure class=\"wp-block-image alignfull size-full\"><img loading=\"lazy\" decoding=\"async\" width=\"2000\" height=\"761\" src=\"https:\/\/shetransforms.at\/wp-content\/uploads\/2026\/02\/Header-FB-website-2.png\" alt=\"\" class=\"wp-image-11918\" srcset=\"https:\/\/shetransforms.at\/wp-content\/uploads\/2026\/02\/Header-FB-website-2.png 2000w, https:\/\/shetransforms.at\/wp-content\/uploads\/2026\/02\/Header-FB-website-2-300x114.png 300w, https:\/\/shetransforms.at\/wp-content\/uploads\/2026\/02\/Header-FB-website-2-1024x390.png 1024w, https:\/\/shetransforms.at\/wp-content\/uploads\/2026\/02\/Header-FB-website-2-768x292.png 768w, https:\/\/shetransforms.at\/wp-content\/uploads\/2026\/02\/Header-FB-website-2-1536x584.png 1536w, https:\/\/shetransforms.at\/wp-content\/uploads\/2026\/02\/Header-FB-website-2-1200x457.png 1200w, https:\/\/shetransforms.at\/wp-content\/uploads\/2026\/02\/Header-FB-website-2-1980x753.png 1980w, https:\/\/shetransforms.at\/wp-content\/uploads\/2026\/02\/Header-FB-website-2-1320x502.png 1320w, https:\/\/shetransforms.at\/wp-content\/uploads\/2026\/02\/Header-FB-website-2-450x171.png 450w, https:\/\/shetransforms.at\/wp-content\/uploads\/2026\/02\/Header-FB-website-2-600x228.png 600w\" sizes=\"auto, (max-width: 2000px) 100vw, 2000px\" \/><\/figure>\n\n\n\n<div class=\"wp-block-media-text alignwide has-media-on-the-right is-stacked-on-mobile is-vertically-aligned-center\" style=\"grid-template-columns:auto 49%\"><div class=\"wp-block-media-text__content\">\n<p class=\"has-text-align-center has-text-color has-link-color has-normal-font-size wp-elements-e1d33e3666e31f57d7c4a35898ed0d0b\" style=\"color:#ffffff\"><br><br>EMBODIMENT ist VERK\u00d6RPERUNG<br>Ich schaffe R\u00e4ume, in denen Du wieder erlebst,<br>dass Dein K\u00f6rper, Deine Gef\u00fchle, Deine Wahrnehmung und Dein Denken untrennbar miteinander verbunden sind.<br>Du erlebst Dich als Ganzheit,<br>kommst in den Flow und in den Genu\u00df deines Lebens.<br><br>TRANSFORMATION ist VER\u00c4NDERUNG<br>Ich unterst\u00fctze Dich ganzheitlich in Deinem Ver\u00e4nderungsprozess &#8211; privat und beruflich.<br><br><\/p>\n<\/div><figure class=\"wp-block-media-text__media\"><img loading=\"lazy\" decoding=\"async\" width=\"1024\" height=\"576\" src=\"https:\/\/shetransforms.at\/wp-content\/uploads\/2024\/11\/IMG-20241019-WA0002-1024x576.jpg\" alt=\"\" class=\"wp-image-10841 size-full\" srcset=\"https:\/\/shetransforms.at\/wp-content\/uploads\/2024\/11\/IMG-20241019-WA0002-1024x576.jpg 1024w, https:\/\/shetransforms.at\/wp-content\/uploads\/2024\/11\/IMG-20241019-WA0002-300x169.jpg 300w, https:\/\/shetransforms.at\/wp-content\/uploads\/2024\/11\/IMG-20241019-WA0002-768x432.jpg 768w, https:\/\/shetransforms.at\/wp-content\/uploads\/2024\/11\/IMG-20241019-WA0002-1536x864.jpg 1536w, https:\/\/shetransforms.at\/wp-content\/uploads\/2024\/11\/IMG-20241019-WA0002-1200x675.jpg 1200w, https:\/\/shetransforms.at\/wp-content\/uploads\/2024\/11\/IMG-20241019-WA0002-1320x743.jpg 1320w, https:\/\/shetransforms.at\/wp-content\/uploads\/2024\/11\/IMG-20241019-WA0002-450x253.jpg 450w, https:\/\/shetransforms.at\/wp-content\/uploads\/2024\/11\/IMG-20241019-WA0002-600x338.jpg 600w, https:\/\/shetransforms.at\/wp-content\/uploads\/2024\/11\/IMG-20241019-WA0002.jpg 1600w\" sizes=\"auto, (max-width: 1024px) 100vw, 1024px\" \/><\/figure><\/div>\n\n\n\n<p><\/p>\n\n\n\n<figure class=\"wp-block-gallery alignwide has-nested-images columns-3 is-cropped wp-block-gallery-1 is-layout-flex wp-block-gallery-is-layout-flex\">\n<figure class=\"wp-block-image size-large\"><a href=\"https:\/\/shetransforms.at\/index.php\/fuer-organisationen\/\"><img loading=\"lazy\" decoding=\"async\" width=\"1024\" height=\"1024\" data-id=\"11833\" src=\"https:\/\/shetransforms.at\/wp-content\/uploads\/2026\/02\/185-1-1024x1024.png\" alt=\"\" class=\"wp-image-11833\" srcset=\"https:\/\/shetransforms.at\/wp-content\/uploads\/2026\/02\/185-1-1024x1024.png 1024w, https:\/\/shetransforms.at\/wp-content\/uploads\/2026\/02\/185-1-300x300.png 300w, https:\/\/shetransforms.at\/wp-content\/uploads\/2026\/02\/185-1-150x150.png 150w, https:\/\/shetransforms.at\/wp-content\/uploads\/2026\/02\/185-1-768x768.png 768w, https:\/\/shetransforms.at\/wp-content\/uploads\/2026\/02\/185-1-450x450.png 450w, https:\/\/shetransforms.at\/wp-content\/uploads\/2026\/02\/185-1-600x600.png 600w, https:\/\/shetransforms.at\/wp-content\/uploads\/2026\/02\/185-1-100x100.png 100w, https:\/\/shetransforms.at\/wp-content\/uploads\/2026\/02\/185-1.png 1080w\" sizes=\"auto, (max-width: 1024px) 100vw, 1024px\" \/><\/a><\/figure>\n\n\n\n<figure class=\"wp-block-image size-large\"><a href=\"https:\/\/shetransforms.at\/index.php\/coachings\/\"><img loading=\"lazy\" decoding=\"async\" width=\"1024\" height=\"1024\" data-id=\"11834\" src=\"https:\/\/shetransforms.at\/wp-content\/uploads\/2026\/02\/186-1-1024x1024.png\" alt=\"\" class=\"wp-image-11834\" srcset=\"https:\/\/shetransforms.at\/wp-content\/uploads\/2026\/02\/186-1-1024x1024.png 1024w, https:\/\/shetransforms.at\/wp-content\/uploads\/2026\/02\/186-1-300x300.png 300w, https:\/\/shetransforms.at\/wp-content\/uploads\/2026\/02\/186-1-150x150.png 150w, https:\/\/shetransforms.at\/wp-content\/uploads\/2026\/02\/186-1-768x768.png 768w, https:\/\/shetransforms.at\/wp-content\/uploads\/2026\/02\/186-1-450x450.png 450w, https:\/\/shetransforms.at\/wp-content\/uploads\/2026\/02\/186-1-600x600.png 600w, https:\/\/shetransforms.at\/wp-content\/uploads\/2026\/02\/186-1-100x100.png 100w, https:\/\/shetransforms.at\/wp-content\/uploads\/2026\/02\/186-1.png 1080w\" sizes=\"auto, (max-width: 1024px) 100vw, 1024px\" \/><\/a><\/figure>\n\n\n\n<figure class=\"wp-block-image size-large\"><a href=\"https:\/\/shetransforms.at\/index.php\/testimonials\/\"><img loading=\"lazy\" decoding=\"async\" width=\"1024\" height=\"1024\" data-id=\"11773\" src=\"https:\/\/shetransforms.at\/wp-content\/uploads\/2025\/11\/172-1-1024x1024.png\" alt=\"\" class=\"wp-image-11773\" srcset=\"https:\/\/shetransforms.at\/wp-content\/uploads\/2025\/11\/172-1-1024x1024.png 1024w, https:\/\/shetransforms.at\/wp-content\/uploads\/2025\/11\/172-1-300x300.png 300w, https:\/\/shetransforms.at\/wp-content\/uploads\/2025\/11\/172-1-150x150.png 150w, https:\/\/shetransforms.at\/wp-content\/uploads\/2025\/11\/172-1-768x768.png 768w, https:\/\/shetransforms.at\/wp-content\/uploads\/2025\/11\/172-1-450x450.png 450w, https:\/\/shetransforms.at\/wp-content\/uploads\/2025\/11\/172-1-600x600.png 600w, https:\/\/shetransforms.at\/wp-content\/uploads\/2025\/11\/172-1-100x100.png 100w, https:\/\/shetransforms.at\/wp-content\/uploads\/2025\/11\/172-1.png 1080w\" sizes=\"auto, (max-width: 1024px) 100vw, 1024px\" \/><\/a><\/figure>\n<\/figure>\n\n\n\n<p class=\"has-text-align-center\"><mark style=\"background-color:rgba(0, 0, 0, 0);color:#551166\" class=\"has-inline-color\"><br><\/mark><mark style=\"background-color:rgba(0, 0, 0, 0);color:#ffffff\" class=\"has-inline-color\">Folge mir gerne auf meinen social media Kan\u00e4len<\/mark><\/p>\n\n\n\n<div class=\"wp-block-group\" style=\"font-size:100px\"><div class=\"wp-block-group__inner-container is-layout-constrained wp-block-group-is-layout-constrained\">\n<figure class=\"wp-block-gallery has-nested-images columns-4 wp-block-gallery-2 is-layout-flex wp-block-gallery-is-layout-flex\">\n<figure class=\"wp-block-image size-full is-style-default\"><a href=\"https:\/\/www.instagram.com\/shetransforms.at\/\" target=\"_blank\" rel=\"noreferrer noopener\"><img loading=\"lazy\" decoding=\"async\" width=\"1080\" height=\"1080\" data-id=\"11657\" src=\"https:\/\/shetransforms.at\/wp-content\/uploads\/2025\/08\/156.png\" alt=\"\" class=\"wp-image-11657\" srcset=\"https:\/\/shetransforms.at\/wp-content\/uploads\/2025\/08\/156.png 1080w, https:\/\/shetransforms.at\/wp-content\/uploads\/2025\/08\/156-300x300.png 300w, https:\/\/shetransforms.at\/wp-content\/uploads\/2025\/08\/156-1024x1024.png 1024w, https:\/\/shetransforms.at\/wp-content\/uploads\/2025\/08\/156-150x150.png 150w, https:\/\/shetransforms.at\/wp-content\/uploads\/2025\/08\/156-768x768.png 768w, https:\/\/shetransforms.at\/wp-content\/uploads\/2025\/08\/156-450x450.png 450w, https:\/\/shetransforms.at\/wp-content\/uploads\/2025\/08\/156-600x600.png 600w, https:\/\/shetransforms.at\/wp-content\/uploads\/2025\/08\/156-100x100.png 100w\" sizes=\"auto, (max-width: 1080px) 100vw, 1080px\" \/><\/a><\/figure>\n\n\n\n<figure class=\"wp-block-image size-full is-style-default\"><a href=\"https:\/\/www.facebook.com\/milamahi888\/\" target=\"_blank\" rel=\"noreferrer noopener\"><img loading=\"lazy\" decoding=\"async\" width=\"1080\" height=\"1080\" data-id=\"11658\" src=\"https:\/\/shetransforms.at\/wp-content\/uploads\/2025\/08\/157.png\" alt=\"\" class=\"wp-image-11658\" srcset=\"https:\/\/shetransforms.at\/wp-content\/uploads\/2025\/08\/157.png 1080w, https:\/\/shetransforms.at\/wp-content\/uploads\/2025\/08\/157-300x300.png 300w, https:\/\/shetransforms.at\/wp-content\/uploads\/2025\/08\/157-1024x1024.png 1024w, https:\/\/shetransforms.at\/wp-content\/uploads\/2025\/08\/157-150x150.png 150w, https:\/\/shetransforms.at\/wp-content\/uploads\/2025\/08\/157-768x768.png 768w, https:\/\/shetransforms.at\/wp-content\/uploads\/2025\/08\/157-450x450.png 450w, https:\/\/shetransforms.at\/wp-content\/uploads\/2025\/08\/157-600x600.png 600w, https:\/\/shetransforms.at\/wp-content\/uploads\/2025\/08\/157-100x100.png 100w\" sizes=\"auto, (max-width: 1080px) 100vw, 1080px\" \/><\/a><\/figure>\n\n\n\n<figure class=\"wp-block-image size-full is-style-default\"><a href=\"https:\/\/www.youtube.com\/@shetransforms_at\" target=\"_blank\" rel=\"noreferrer noopener\"><img loading=\"lazy\" decoding=\"async\" width=\"1080\" height=\"1080\" data-id=\"11659\" src=\"https:\/\/shetransforms.at\/wp-content\/uploads\/2025\/08\/158.png\" alt=\"\" class=\"wp-image-11659\" srcset=\"https:\/\/shetransforms.at\/wp-content\/uploads\/2025\/08\/158.png 1080w, https:\/\/shetransforms.at\/wp-content\/uploads\/2025\/08\/158-300x300.png 300w, https:\/\/shetransforms.at\/wp-content\/uploads\/2025\/08\/158-1024x1024.png 1024w, https:\/\/shetransforms.at\/wp-content\/uploads\/2025\/08\/158-150x150.png 150w, https:\/\/shetransforms.at\/wp-content\/uploads\/2025\/08\/158-768x768.png 768w, https:\/\/shetransforms.at\/wp-content\/uploads\/2025\/08\/158-450x450.png 450w, https:\/\/shetransforms.at\/wp-content\/uploads\/2025\/08\/158-600x600.png 600w, https:\/\/shetransforms.at\/wp-content\/uploads\/2025\/08\/158-100x100.png 100w\" sizes=\"auto, (max-width: 1080px) 100vw, 1080px\" \/><\/a><\/figure>\n\n\n\n<figure class=\"wp-block-image size-thumbnail is-style-default\"><a href=\"https:\/\/www.linkedin.com\/in\/milamahi\/\" target=\"_blank\" rel=\"noreferrer noopener\"><img loading=\"lazy\" decoding=\"async\" width=\"150\" height=\"150\" data-id=\"11660\" src=\"https:\/\/shetransforms.at\/wp-content\/uploads\/2025\/08\/159-150x150.png\" alt=\"\" class=\"wp-image-11660\" srcset=\"https:\/\/shetransforms.at\/wp-content\/uploads\/2025\/08\/159-150x150.png 150w, https:\/\/shetransforms.at\/wp-content\/uploads\/2025\/08\/159-300x300.png 300w, https:\/\/shetransforms.at\/wp-content\/uploads\/2025\/08\/159-1024x1024.png 1024w, https:\/\/shetransforms.at\/wp-content\/uploads\/2025\/08\/159-768x768.png 768w, https:\/\/shetransforms.at\/wp-content\/uploads\/2025\/08\/159-450x450.png 450w, https:\/\/shetransforms.at\/wp-content\/uploads\/2025\/08\/159-600x600.png 600w, https:\/\/shetransforms.at\/wp-content\/uploads\/2025\/08\/159-100x100.png 100w, https:\/\/shetransforms.at\/wp-content\/uploads\/2025\/08\/159.png 1080w\" sizes=\"auto, (max-width: 150px) 100vw, 150px\" \/><\/a><\/figure>\n<\/figure>\n<\/div><\/div>\n\n\n\n<p class=\"has-small-font-size\"><\/p>\n\n\n\n<p><\/p>\n","protected":false},"excerpt":{"rendered":"<p>EMBODIMENT ist VERK\u00d6RPERUNGIch schaffe R\u00e4ume, in denen Du wieder erlebst,dass Dein K\u00f6rper, Deine Gef\u00fchle, Deine Wahrnehmung und Dein Denken untrennbar miteinander verbunden sind.Du erlebst Dich als Ganzheit,kommst in den Flow und in den Genu\u00df deines Lebens. TRANSFORMATION ist VER\u00c4NDERUNGIch unterst\u00fctze Dich ganzheitlich in Deinem Ver\u00e4nderungsprozess &#8211; privat und beruflich. Folge mir gerne auf meinen social [&hellip;]<\/p>\n","protected":false},"author":1,"featured_media":0,"parent":0,"menu_order":0,"comment_status":"closed","ping_status":"closed","template":"","meta":{"footnotes":""},"class_list":["post-8","page","type-page","status-publish","hentry"],"_links":{"self":[{"href":"https:\/\/shetransforms.at\/index.php\/wp-json\/wp\/v2\/pages\/8","targetHints":{"allow":["GET"]}}],"collection":[{"href":"https:\/\/shetransforms.at\/index.php\/wp-json\/wp\/v2\/pages"}],"about":[{"href":"https:\/\/shetransforms.at\/index.php\/wp-json\/wp\/v2\/types\/page"}],"author":[{"embeddable":true,"href":"https:\/\/shetransforms.at\/index.php\/wp-json\/wp\/v2\/users\/1"}],"replies":[{"embeddable":true,"href":"https:\/\/shetransforms.at\/index.php\/wp-json\/wp\/v2\/comments?post=8"}],"version-history":[{"count":2303,"href":"https:\/\/shetransforms.at\/index.php\/wp-json\/wp\/v2\/pages\/8\/revisions"}],"predecessor-version":[{"id":12016,"href":"https:\/\/shetransforms.at\/index.php\/wp-json\/wp\/v2\/pages\/8\/revisions\/12016"}],"wp:attachment":[{"href":"https:\/\/shetransforms.at\/index.php\/wp-json\/wp\/v2\/media?parent=8"}],"curies":[{"name":"wp","href":"https:\/\/api.w.org\/{rel}","templated":true}]}}