{"id":6316,"date":"2022-01-18T16:45:18","date_gmt":"2022-01-18T16:45:18","guid":{"rendered":"https:\/\/shetransforms.at\/?page_id=6316"},"modified":"2022-03-16T15:08:03","modified_gmt":"2022-03-16T15:08:03","slug":"achieve","status":"publish","type":"page","link":"https:\/\/shetransforms.at\/index.php\/achieve\/","title":{"rendered":"Achieve"},"content":{"rendered":"\n<p class=\"has-text-align-center\"><meta charset=\"utf-8\"><br><br><span class=\"has-inline-color has-accent-color\">DER 3. VON 3 WORKSHOPS IN DEINE MEISTERSCHAFT<\/span><br><br><\/p>\n\n\n\n<figure class=\"wp-block-image size-large is-style-default\"><img decoding=\"async\" src=\"https:\/\/shetransforms.at\/wp-content\/uploads\/2022\/03\/5-1-1024x683.png\" alt=\"\" class=\"wp-image-6970\"\/><\/figure>\n\n\n\n<p class=\"has-text-align-center\"><br><span class=\"has-inline-color has-accent-color\"><strong>ABUNDANCE IS MY BIRTHRIGHT!<\/strong><br>VOM MANGEL IN DIE F\u00dcLLE<\/span><\/p>\n\n\n\n<p><br><span class=\"has-inline-color has-accent-color\">Du hast schon oft vom Manifestieren geh\u00f6rt aber es will einfach nicht so recht klappen? Du <\/span>s<span class=\"has-inline-color has-accent-color\">chickst deine W\u00fcnsche ans Universum aber in deinem Leben zeigt sich die F\u00fclle nicht?<\/span><br><br><meta charset=\"utf-8\"><span class=\"has-inline-color has-accent-color\">In diesem Workshop l\u00f6sen wir dein Money Drama und Du lernst zu manifestieren<\/span> <span class=\"has-inline-color has-accent-color\">was Du dir von Herzen w\u00fcnscht.<br><br>Die h\u00e4ufigsten Gr\u00fcnde warum Menschen F\u00fclle nicht in ihr Leben ziehen sind\u2026<br><br>* Glaubenss\u00e4tze, es nicht wirklich zu verdienen und wert zu sein<br>* die Angst vor Verurteilung durch Andere<br>* die eigenen festgefahrenen Meinungen \u00fcber Geld, Macht &amp; Erfolg<br>* dein energetischer Container, der nicht mit deinem Ziel matcht<br><br>Unbewusste Glaubenss\u00e4tze k\u00f6nnen aus deinem eigenen Leben durch deine Erfahrungen gepr\u00e4gt, aber auch von deinen Eltern oder Ahnen \u00fcbernommen sein. Zum Beispiel die Bewertung, dass F\u00fclle und Macht mit Ausbeutung anderer untrennbar verkn\u00fcpft ist kann tief in deinem System eingeschrieben sein und verhindert das bedingungslose Annehmen von Materie und Energie.<\/span><br><br><span class=\"has-inline-color has-accent-color\">Geld ist nichts anderes als Energie, und ein Wert, den Du ihm zuschreibst.<\/span> <span class=\"has-inline-color has-accent-color\">Deine Einstellung dazu beeinflusst die M\u00f6glichkeit, es in dein Leben einzuladen und zu empfangen.<br><br>Die Kunst zu empfangen ist direkt mit der F\u00e4higkeit verkn\u00fcpft die Kontrolle loszulassen und dich dem Flow des Lebens hinzugeben. <\/span><br><span class=\"has-inline-color has-accent-color\">Was im Prinzip eine sehr weibliche Eigenschaft darstellt, haben viele Frauen in der heutigen Zeit &#8211; um zu funktionieren &#8211; verlernt.<\/span><br><br><span class=\"has-inline-color has-accent-color\">Der Gegenpol zum aktiven Handeln (Yang) ist das passive Empfangen (Yin). Diese beiden Potentiale zu einem harmonischen Ganzen in dir zu vereinen bildet die Basis um zu manifestieren.<\/span><\/p>\n\n\n\n<p class=\"has-text-align-center\"><br><br><strong><span class=\"has-inline-color has-accent-color\">ICH LASSE LOS UND EMPFANGE<\/span><\/strong><br><\/p>\n\n\n\n<figure class=\"wp-block-image size-large is-style-default\"><img decoding=\"async\" src=\"https:\/\/shetransforms.at\/wp-content\/uploads\/2022\/01\/ARISE-1-2-1024x683.jpg\" alt=\"\" class=\"wp-image-6455\"\/><\/figure>\n\n\n\n<p><span class=\"has-inline-color has-accent-color\"><br><br>In diesem Workshop&nbsp;widmen wir uns allen Aspekten des ganzheitlichen MANIFESTIERENS.<br><br>Du lernst, wie Du auf mentaler und energetischer Ebene in Resonanz mit innerer und \u00e4usserer F\u00fclle trittst um deine Tr\u00e4ume zu realisieren.<br><br>Du wirst zum energetischen perfect match deiner Ziele,<br>denn erst wenn Du auf der gleichen Frequenz wie diese schwingst<br>kannst Du sie in deinem Leben manifestieren.<br><br>Du shiftest dein Leben &amp; Bewusstsein vom Mangel in die F\u00fclle!<\/span><br><br><br><span class=\"has-inline-color has-accent-color\"><strong>INHALT<\/strong><br><br><strong>TAG 1<\/strong><br><br>* Mangeldenken und F\u00fcllebewusstsein<\/span><br><span class=\"has-inline-color has-accent-color\">* Die Funktion und Magie der Dankbarkeit<\/span><br><span class=\"has-inline-color has-accent-color\">* Die Verbindung von Selbstwert &amp; Wohlstand<br>* Verantwortung \u00fcbernehmen &#8211; zur Sch\u00f6pferin werden<br><br><strong>TAG 2<\/strong><br><br><meta charset=\"utf-8\"><span class=\"has-inline-color has-accent-color\">* Money Dramen auf emotionaler &amp; mentaler Ebene<br>* Money Dramen auf energetischer Ebene<br>* Yin &amp; Yang \u2013 Aktiv &amp; passiv &#8211; Kontrolle &amp; Loslassen<\/span><\/span><br><span class=\"has-inline-color has-accent-color\">* Mein ICH in F\u00fclle &#8211; Stategie &amp; Energie<br><br><strong>TAG 3<\/strong><br><br>* W\u00fcnschen und Entscheiden<br>* Deals mit deinem Team Universum<br>* Die Kunst des Manifestierens<\/span> <span class=\"has-inline-color has-accent-color\">&#8211; neues Denken und Handeln<\/span><br><span class=\"has-inline-color has-accent-color\">* Sex, Power &amp; Money<\/span> <span class=\"has-inline-color has-accent-color\">&#8211; die Trilogie der Meisterschaft<\/span><br><br><br><strong><span class=\"has-inline-color has-accent-color\">Dieser Workshop ist f\u00fcr dich, wenn Du\u2026<\/span><\/strong><br><span class=\"has-inline-color has-accent-color\"><br>\u2026&nbsp;dein Money-Drama aufl\u00f6sen willst<br>\u2026vom Mangeldenken ins F\u00fcllebewusstsein switchen willst<br>\u2026Theoretisches Wissen und praktische \u00dcbungen liebst<\/span><br><span class=\"has-inline-color has-accent-color\">&#8230;deine Ziele erreichen und dein Traumleben manifestieren willst<\/span><\/p>\n\n\n\n<p><br><span class=\"has-inline-color has-accent-color\"><strong>Deine Extras<\/strong><br><br>* Du erh\u00e4ltst das Achieve Abundance WORKBOOK zur Eigenanalyse, Motivation und Planung deines neuen F\u00fclle-Lebens.<br><br>*\u00a0Eine eigene FB Gruppe unterst\u00fctzt dich zus\u00e4tzlich durch Austausch und Connection mit Gleichgesinnten.<br><br><br><strong>ACHIEVE<\/strong>\u00a0\u2013 Embodiment Workshop #3<br><br><strong>Freitag \u2013 Sonntag<\/strong>, jeweils von\u00a0<strong>19:00-21:00 Uhr<\/strong><br>Online via Zoom<br><br><strong>\u20ac 330,-<\/strong>\u00a0(incl. 20% Ust)<br><br>Buche <strong>ACHIEVE<\/strong> jetzt direkt via Button oder E-mail an\u00a0<strong><a href=\"mailto:office@shetransforms.at\">office@shetransforms.at<\/a><\/strong><\/span><br><\/p>\n\n\n\n<div class=\"wp-block-buttons is-content-justification-center is-layout-flex wp-block-buttons-is-layout-flex\">\n<div class=\"wp-block-button\"><a class=\"wp-block-button__link\" href=\"https:\/\/elopage.com\/s\/mila-dor\/achieve-loese-dein-money-drama-und-manifestiere-embodiment-ws-3\">ACHIEVE jetzt buchen<\/a><\/div>\n<\/div>\n","protected":false},"excerpt":{"rendered":"<p>DER 3. VON 3 WORKSHOPS IN DEINE MEISTERSCHAFT ABUNDANCE IS MY BIRTHRIGHT!VOM MANGEL IN DIE F\u00dcLLE Du hast schon oft vom Manifestieren geh\u00f6rt aber es will einfach nicht so recht klappen? Du schickst deine W\u00fcnsche ans Universum aber in deinem Leben zeigt sich die F\u00fclle nicht? In diesem Workshop l\u00f6sen wir dein Money Drama und [&hellip;]<\/p>\n","protected":false},"author":1,"featured_media":0,"parent":0,"menu_order":0,"comment_status":"closed","ping_status":"closed","template":"","meta":{"footnotes":""},"class_list":["post-6316","page","type-page","status-publish","hentry"],"_links":{"self":[{"href":"https:\/\/shetransforms.at\/index.php\/wp-json\/wp\/v2\/pages\/6316","targetHints":{"allow":["GET"]}}],"collection":[{"href":"https:\/\/shetransforms.at\/index.php\/wp-json\/wp\/v2\/pages"}],"about":[{"href":"https:\/\/shetransforms.at\/index.php\/wp-json\/wp\/v2\/types\/page"}],"author":[{"embeddable":true,"href":"https:\/\/shetransforms.at\/index.php\/wp-json\/wp\/v2\/users\/1"}],"replies":[{"embeddable":true,"href":"https:\/\/shetransforms.at\/index.php\/wp-json\/wp\/v2\/comments?post=6316"}],"version-history":[{"count":28,"href":"https:\/\/shetransforms.at\/index.php\/wp-json\/wp\/v2\/pages\/6316\/revisions"}],"predecessor-version":[{"id":6992,"href":"https:\/\/shetransforms.at\/index.php\/wp-json\/wp\/v2\/pages\/6316\/revisions\/6992"}],"wp:attachment":[{"href":"https:\/\/shetransforms.at\/index.php\/wp-json\/wp\/v2\/media?parent=6316"}],"curies":[{"name":"wp","href":"https:\/\/api.w.org\/{rel}","templated":true}]}}