{"id":6310,"date":"2022-01-18T16:40:42","date_gmt":"2022-01-18T16:40:42","guid":{"rendered":"https:\/\/shetransforms.at\/?page_id=6310"},"modified":"2022-03-16T15:07:01","modified_gmt":"2022-03-16T15:07:01","slug":"arise","status":"publish","type":"page","link":"https:\/\/shetransforms.at\/index.php\/arise\/","title":{"rendered":"Arise"},"content":{"rendered":"\n<p class=\"has-text-align-center\"><meta charset=\"utf-8\"><br><br><span class=\"has-inline-color has-accent-color\">DER 2. VON 3 WORKSHOPS IN DEINE MEISTERSCHAFT<\/span><br><br><\/p>\n\n\n\n<figure class=\"wp-block-image size-large is-style-default\"><img decoding=\"async\" src=\"https:\/\/shetransforms.at\/wp-content\/uploads\/2022\/03\/1-1-1024x683.png\" alt=\"\" class=\"wp-image-6969\"\/><\/figure>\n\n\n\n<p class=\"has-text-align-center\"><br><\/p>\n\n\n\n<p class=\"has-text-align-center\"><span class=\"has-inline-color has-accent-color\"><strong>RISE UP, BABY!<\/strong><\/span><br><span class=\"has-inline-color has-accent-color\">SHIFTE DEINE<\/span> <span class=\"has-inline-color has-accent-color\">ENERGIE &amp; FREQUENZ<\/span><br><\/p>\n\n\n\n<p><\/p>\n\n\n\n<p class=\"has-text-align-left\"><br><span class=\"has-inline-color has-accent-color\">Hast Du dich schon \u00f6fter mal gefragt, warum dir immer wieder die Energie ausgeht, Du an deine Kraftlimits gelangst oder Dir die Lust am Leben fehlt?<\/span><br><br><span class=\"has-inline-color has-accent-color\">Besonders Frauen k\u00f6nnen h\u00e4ufig ein Lied davon singen, wenn es darum geht&#8230;<br><br>* zu viel zu geben und schwer annehmen zu k\u00f6nnen<br>* keine klaren Grenzen zu setzen<br>* Die eigene K\u00f6rperstimme zu \u00fcbergehen<\/span><br><meta charset=\"utf-8\"><span class=\"has-inline-color has-accent-color\">* Die eigene Selfcare hintanzustellen<\/span><br><span class=\"has-inline-color has-accent-color\"><br>Dahinter stehen h\u00e4ufig Glaubenss\u00e4tze es nicht zu verdienen oder wert zu sein, in der vollen Kraft zu sein und zu strahlen. Auch ererbte, im Unterbewusstsein abgespeicherte \u00c4ngste bestraft zu werden wenn wir unsere volle Energie frei fliessen lassen und ausdr\u00fccken trennen uns von unserer Lebenskraft.<br><br>Auf k\u00f6rperlicher Ebene halten wir uns durch Ablenkungen und Suchtverhalten klein, damit wir den Schmerz, uns nicht vollends leben zu d\u00fcrfen \u00fcberdecken um ihn nicht erneut sp\u00fcren m\u00fcssen.<\/span><\/p>\n\n\n\n<p class=\"has-text-align-center\"><br><br><span class=\"has-inline-color has-accent-color\"><strong>ALLE PROFITIEREN, WENN ES MIR GUT GEHT<\/strong><\/span><br><\/p>\n\n\n\n<figure class=\"wp-block-image size-large is-style-default\"><img decoding=\"async\" src=\"https:\/\/shetransforms.at\/wp-content\/uploads\/2022\/01\/ARISE-2-1024x683.jpg\" alt=\"\" class=\"wp-image-6451\"\/><\/figure>\n\n\n\n<p class=\"has-text-align-left\"><br><span class=\"has-inline-color has-accent-color\">Du kannst geben, wenn dein eigener Energie-Container gut gef\u00fcllt ist. Daf\u00fcr ist Selfcare auf k\u00f6rperlicher, geistiger und seelischer Ebene essentiell.<\/span><br><br><span class=\"has-inline-color has-accent-color\">In diesem Workshop<\/span> <span class=\"has-inline-color has-accent-color\">widmen wir uns allen Aspekten eines sinn- und lustvollen ganzheitlichen ENERGIEMANAGEMENTS.<br><br>Du lernst, wie Du deine Energie und Frequenz erh\u00f6hst und h\u00e4lst,<br>um Kraft aus dir selbst zu sch\u00f6pfen und Burn-out zu vermeiden.<br><br>Du wirst zum energetischen perfect match deiner Ziele,<\/span><br><span class=\"has-inline-color has-accent-color\">denn erst wenn Du auf der gleichen Frequenz wie diese schwingst<\/span><br><span class=\"has-inline-color has-accent-color\">kannst Du sie in deinem Leben manifestieren.<\/span><br><br><span class=\"has-inline-color has-accent-color\">Du shiftest deine Energie und hast wieder Lust am Leben!<\/span><br><br><br><span class=\"has-inline-color has-accent-color\"><strong>INHALT<\/strong><br><br><strong>TAG 1<\/strong>   <\/span><br><br><span class=\"has-inline-color has-accent-color\">* Wie funktioniert Energie, was ist Frequenz?<\/span><br><span class=\"has-inline-color has-accent-color\">* Yin &amp; Yang &#8211; die Einheit der Energiepotentiale im Alltag<\/span><br><span class=\"has-inline-color has-accent-color\">* Was nimmt mir Energie? <\/span><meta charset=\"utf-8\"><span class=\"has-inline-color has-accent-color\">Wir enttarnen selbstboykottierende<\/span> <span class=\"has-inline-color has-accent-color\">Gedankenschleifen, k\u00f6rperliche Ablenkungen und seelische<\/span> <span class=\"has-inline-color has-accent-color\">Blockaden<\/span><br><span class=\"has-inline-color has-accent-color\">* Energie, Selbstliebe &amp; Selbstwertsch\u00e4tzung<\/span><br><br><span class=\"has-inline-color has-accent-color\"><strong>TAG 2<\/strong>   <\/span><br><br><span class=\"has-inline-color has-accent-color\">* Das Energiemanagement der 5 Human Design Typen<\/span><br><span class=\"has-inline-color has-accent-color\">* Die blockierenden Muster der 9 Energiezentren und wie Du deine<\/span> <span class=\"has-inline-color has-accent-color\">Zentren reinigst und harmonisierst<\/span> <span class=\"has-inline-color has-accent-color\">um in deine h\u00f6chste Kraft zu<\/span> <span class=\"has-inline-color has-accent-color\">kommen.<\/span><br><br><span class=\"has-inline-color has-accent-color\"><strong>TAG 3<\/strong>   <\/span><br><br><span class=\"has-inline-color has-accent-color\">* Was gibt mir Energie?<\/span><br><span class=\"has-inline-color has-accent-color\">* Wie entz\u00fcnde ich mein inneres Feuer?<\/span><br><span class=\"has-inline-color has-accent-color\">* Die Verbindung von Lust &amp; Energie<\/span><br><span class=\"has-inline-color has-accent-color\">* Die 5 Elemente als Energiespender<\/span><br><span class=\"has-inline-color has-accent-color\">* Energiebooster f\u00fcr K\u00f6rper, Geist &amp; Seele<\/span><br><span class=\"has-inline-color has-accent-color\">* Integration deines neuen Energiemanagements im Alltag<\/span><br>               <br>          <br><span class=\"has-inline-color has-accent-color\"><strong>Dieser Workshop ist f\u00fcr dich, wenn Du&#8230;<\/strong><\/span><br><br>&#8230;<span class=\"has-inline-color has-accent-color\"> gerne lustvoll lernst<\/span><br><span class=\"has-inline-color has-accent-color\">&#8230;deine Energie &amp; Frequenz erh\u00f6hen willst<br>&#8230;Theoretisches Wissen und praktische \u00dcbungen liebst<\/span><br><span class=\"has-inline-color has-accent-color\">&#8230;entschieden hast, deine ganze Kraft anzunehmen und zu leben<\/span><br><\/p>\n\n\n\n<p><br><strong><span class=\"has-inline-color has-accent-color\">Deine Extras<\/span><\/strong><br><br><span class=\"has-inline-color has-accent-color\">* Du erh\u00e4ltst das Energy-Flow WORKBOOK zur Eigenanalyse, Motivation und Planung deines neuen Energiemanagements.<\/span><br><br><span class=\"has-inline-color has-accent-color\">*<\/span> <span class=\"has-inline-color has-accent-color\">Eine eigene FB Gruppe unterst\u00fctzt dich zus\u00e4tzlich durch Austausch und Connection mit Gleichgesinnten.<\/span><br><br><br><span class=\"has-inline-color has-accent-color\"><strong>ARISE<\/strong> &#8211; Embodiment Workshop #2 <\/span><br><span class=\"has-inline-color has-accent-color\"><br><strong>Freitag &#8211; Sonntag<\/strong>, jeweils von <strong>19:00-21:00 Uhr<\/strong><br>Online via Zoom<\/span><br><br><span class=\"has-inline-color has-accent-color\"><strong>\u20ac 330,-<\/strong> (incl. 20% Ust)<\/span><br> <br><span class=\"has-inline-color has-accent-color\">Buche ARISE jetzt via Button oder E-mail an <strong><a href=\"mailto:office@shetransforms.at\">office@shetransforms.at<\/a><\/strong><\/span><\/p>\n\n\n\n<div class=\"wp-block-buttons is-content-justification-center is-layout-flex wp-block-buttons-is-layout-flex\">\n<div class=\"wp-block-button\"><a class=\"wp-block-button__link\" href=\"https:\/\/elopage.com\/s\/mila-dor\/arise-erhoehe-deine-energie-frequenz\">ARISE jetzt buchen<\/a><\/div>\n<\/div>\n\n\n\n<p><\/p>\n","protected":false},"excerpt":{"rendered":"<p>DER 2. VON 3 WORKSHOPS IN DEINE MEISTERSCHAFT RISE UP, BABY!SHIFTE DEINE ENERGIE &amp; FREQUENZ Hast Du dich schon \u00f6fter mal gefragt, warum dir immer wieder die Energie ausgeht, Du an deine Kraftlimits gelangst oder Dir die Lust am Leben fehlt? Besonders Frauen k\u00f6nnen h\u00e4ufig ein Lied davon singen, wenn es darum geht&#8230; * zu [&hellip;]<\/p>\n","protected":false},"author":1,"featured_media":0,"parent":0,"menu_order":0,"comment_status":"closed","ping_status":"closed","template":"","meta":{"footnotes":""},"class_list":["post-6310","page","type-page","status-publish","hentry"],"_links":{"self":[{"href":"https:\/\/shetransforms.at\/index.php\/wp-json\/wp\/v2\/pages\/6310","targetHints":{"allow":["GET"]}}],"collection":[{"href":"https:\/\/shetransforms.at\/index.php\/wp-json\/wp\/v2\/pages"}],"about":[{"href":"https:\/\/shetransforms.at\/index.php\/wp-json\/wp\/v2\/types\/page"}],"author":[{"embeddable":true,"href":"https:\/\/shetransforms.at\/index.php\/wp-json\/wp\/v2\/users\/1"}],"replies":[{"embeddable":true,"href":"https:\/\/shetransforms.at\/index.php\/wp-json\/wp\/v2\/comments?post=6310"}],"version-history":[{"count":40,"href":"https:\/\/shetransforms.at\/index.php\/wp-json\/wp\/v2\/pages\/6310\/revisions"}],"predecessor-version":[{"id":6991,"href":"https:\/\/shetransforms.at\/index.php\/wp-json\/wp\/v2\/pages\/6310\/revisions\/6991"}],"wp:attachment":[{"href":"https:\/\/shetransforms.at\/index.php\/wp-json\/wp\/v2\/media?parent=6310"}],"curies":[{"name":"wp","href":"https:\/\/api.w.org\/{rel}","templated":true}]}}