{"id":5987,"date":"2022-01-13T20:57:30","date_gmt":"2022-01-13T20:57:30","guid":{"rendered":"https:\/\/shetransforms.at\/?page_id=5987"},"modified":"2026-03-12T15:01:24","modified_gmt":"2026-03-12T15:01:24","slug":"retreats","status":"publish","type":"page","link":"https:\/\/shetransforms.at\/index.php\/retreats\/","title":{"rendered":"Retreats"},"content":{"rendered":"\n<figure class=\"wp-block-image size-large\"><img loading=\"lazy\" decoding=\"async\" width=\"1024\" height=\"1024\" src=\"https:\/\/shetransforms.at\/wp-content\/uploads\/2026\/03\/Copy-of-INSTAGRAM-1-1024x1024.png\" alt=\"\" class=\"wp-image-11971\" srcset=\"https:\/\/shetransforms.at\/wp-content\/uploads\/2026\/03\/Copy-of-INSTAGRAM-1-1024x1024.png 1024w, https:\/\/shetransforms.at\/wp-content\/uploads\/2026\/03\/Copy-of-INSTAGRAM-1-300x300.png 300w, https:\/\/shetransforms.at\/wp-content\/uploads\/2026\/03\/Copy-of-INSTAGRAM-1-150x150.png 150w, https:\/\/shetransforms.at\/wp-content\/uploads\/2026\/03\/Copy-of-INSTAGRAM-1-768x768.png 768w, https:\/\/shetransforms.at\/wp-content\/uploads\/2026\/03\/Copy-of-INSTAGRAM-1-450x450.png 450w, https:\/\/shetransforms.at\/wp-content\/uploads\/2026\/03\/Copy-of-INSTAGRAM-1-600x600.png 600w, https:\/\/shetransforms.at\/wp-content\/uploads\/2026\/03\/Copy-of-INSTAGRAM-1-100x100.png 100w, https:\/\/shetransforms.at\/wp-content\/uploads\/2026\/03\/Copy-of-INSTAGRAM-1.png 1080w\" sizes=\"auto, (max-width: 1024px) 100vw, 1024px\" \/><\/figure>\n\n\n\n<p class=\"has-text-align-center has-normal-font-size\"><mark style=\"background-color:rgba(0, 0, 0, 0);color:#ffffff\" class=\"has-inline-color\"><br>GANZHEITLICHKEIT,<br>TRANSFORMATION<br>&amp; COMMUNITY<br><br>Wir verstehen den Mensch als K\u00f6rper,- Geist,- und Seelen Einheit. <br>Daher legen wir in unseren Retreats gr\u00f6ssten Wert darauf, alle 3 Aspekte in die Gestaltung der Programme miteinzubeziehen.<br>Auf dieser Basis kann ein langfristiger <strong>Transformations,- und Entwicklungsprozess<\/strong> unserer TeilnehmerInnen gew\u00e4hrleistet werden. <br><br>Auch in der Auswahl unserer Kooperationspartner &#8211; wie Hotels, Retreatcenter und sonstigen Unterk\u00fcnften ist uns wichtig, dass <strong>Qualit\u00e4t<\/strong>, Umgebungsenergie und Service mit unseren Inhalten ein stimmiges Ganzes ergeben und unsere G\u00e4ste auf allen Ebenen gen\u00e4hrt werden und sich <strong>wohl f\u00fchlen<\/strong>.<br><br>Ein Retreat ist deine pers\u00f6nliche <strong>Auszeit<\/strong> und eine Reise in dein Ich. Es liegt uns am Herzen, dass Du vom Alltag loslassen und dich vertrauensvoll auf die Inhalte und die Umgebung einlassen kannst. Wir sorgen daf\u00fcr, dass Du getragen bist und das Retreat mit allen Sinnen geniessen kannst.<br><br>Als besonderen Service bieten wir dir die M\u00f6glichkeit,<br>private Coaching Sessions bei den Retreatleiterinnen zu buchen,<br>um noch mehr Tiefe in Deinem Prozess zu erlangen.<\/mark><\/p>\n\n\n\n<p class=\"has-text-align-center\"><mark style=\"background-color:rgba(0, 0, 0, 0);color:#ffffff\" class=\"has-inline-color\">Lass uns gemeinsam auf Deine innere &amp; \u00e4u\u00dfere Reise gehen.<br>Wir freuen uns auf Dich!<br>Mila &amp; Stephanie<\/mark><\/p>\n\n\n\n<p class=\"has-text-align-center has-text-color has-link-color wp-elements-efe1aac8cb4560c0c1539d24aa8e7689\" style=\"color:#ffffff\"><mark style=\"background-color:rgba(0, 0, 0, 0)\" class=\"has-inline-color has-accent-color\"><br><\/mark><mark style=\"background-color:rgba(0, 0, 0, 0);color:#ffffff\" class=\"has-inline-color\"><strong>Du m\u00f6chtest bei einem unserer Retreats dabei sein?<br>Schreibe uns gerne eine <a href=\"mailto:office@shetransforms.at\" data-type=\"mailto\" data-id=\"mailto:office@shetransforms.at\">E-mail<\/a><\/strong><br><strong>und lass dich auf die Warteliste setzen!<\/strong><br>Wir informieren Dich fr\u00fchzeitig.<\/mark><\/p>\n\n\n\n<p class=\"has-text-align-center\"><mark style=\"background-color:rgba(0, 0, 0, 0);color:#ffffff\" class=\"has-inline-color\"><br><strong>KOMMENDE<\/strong> <strong>RETREATS<\/strong><\/mark><\/p>\n\n\n\n<figure class=\"wp-block-image size-full\"><img loading=\"lazy\" decoding=\"async\" width=\"2560\" height=\"1707\" src=\"https:\/\/shetransforms.at\/wp-content\/uploads\/2026\/02\/IBIZA-Retreat-2-scaled.png\" alt=\"\" class=\"wp-image-11936\" srcset=\"https:\/\/shetransforms.at\/wp-content\/uploads\/2026\/02\/IBIZA-Retreat-2-scaled.png 2560w, https:\/\/shetransforms.at\/wp-content\/uploads\/2026\/02\/IBIZA-Retreat-2-300x200.png 300w, https:\/\/shetransforms.at\/wp-content\/uploads\/2026\/02\/IBIZA-Retreat-2-1024x683.png 1024w, https:\/\/shetransforms.at\/wp-content\/uploads\/2026\/02\/IBIZA-Retreat-2-768x512.png 768w, https:\/\/shetransforms.at\/wp-content\/uploads\/2026\/02\/IBIZA-Retreat-2-1536x1024.png 1536w, https:\/\/shetransforms.at\/wp-content\/uploads\/2026\/02\/IBIZA-Retreat-2-2048x1365.png 2048w, https:\/\/shetransforms.at\/wp-content\/uploads\/2026\/02\/IBIZA-Retreat-2-1200x800.png 1200w, https:\/\/shetransforms.at\/wp-content\/uploads\/2026\/02\/IBIZA-Retreat-2-1980x1320.png 1980w, https:\/\/shetransforms.at\/wp-content\/uploads\/2026\/02\/IBIZA-Retreat-2-1320x880.png 1320w, https:\/\/shetransforms.at\/wp-content\/uploads\/2026\/02\/IBIZA-Retreat-2-450x300.png 450w, https:\/\/shetransforms.at\/wp-content\/uploads\/2026\/02\/IBIZA-Retreat-2-600x400.png 600w\" sizes=\"auto, (max-width: 2560px) 100vw, 2560px\" \/><\/figure>\n\n\n\n<p class=\"has-text-align-center\"><mark style=\"background-color:rgba(0, 0, 0, 0);color:#ffffff\" class=\"has-inline-color\"><br><br><mark style=\"background-color:rgba(0, 0, 0, 0);color:#ffffff\" class=\"has-inline-color\"><strong>VERGANGENE<\/strong> <strong>RETREATS<\/strong><\/mark><\/mark><\/p>\n\n\n\n<p class=\"has-text-align-center has-accent-color has-text-color\"><mark style=\"background-color:rgba(0, 0, 0, 0);color:#ffffff\" class=\"has-inline-color\"><br><a href=\"https:\/\/shetransforms.at\/index.php\/yoga-creative-embodiment\/\">YOGA &amp; CREATIVE EMBODIMENT<\/a><\/mark><br><mark style=\"background-color:rgba(0, 0, 0, 0);color:#ffffff\" class=\"has-inline-color\">MINI RETREAT<\/mark><\/p>\n\n\n\n<figure class=\"wp-block-image size-large\"><a href=\"https:\/\/shetransforms.at\/index.php\/yoga-creative-embodiment\/\"><img loading=\"lazy\" decoding=\"async\" width=\"1024\" height=\"683\" src=\"https:\/\/shetransforms.at\/wp-content\/uploads\/2025\/07\/1-1024x683.png\" alt=\"\" class=\"wp-image-11608\" srcset=\"https:\/\/shetransforms.at\/wp-content\/uploads\/2025\/07\/1-1024x683.png 1024w, https:\/\/shetransforms.at\/wp-content\/uploads\/2025\/07\/1-300x200.png 300w, https:\/\/shetransforms.at\/wp-content\/uploads\/2025\/07\/1-768x512.png 768w, https:\/\/shetransforms.at\/wp-content\/uploads\/2025\/07\/1-1536x1024.png 1536w, https:\/\/shetransforms.at\/wp-content\/uploads\/2025\/07\/1-2048x1365.png 2048w, https:\/\/shetransforms.at\/wp-content\/uploads\/2025\/07\/1-1200x800.png 1200w, https:\/\/shetransforms.at\/wp-content\/uploads\/2025\/07\/1-1980x1320.png 1980w, https:\/\/shetransforms.at\/wp-content\/uploads\/2025\/07\/1-1320x880.png 1320w, https:\/\/shetransforms.at\/wp-content\/uploads\/2025\/07\/1-450x300.png 450w, https:\/\/shetransforms.at\/wp-content\/uploads\/2025\/07\/1-600x400.png 600w\" sizes=\"auto, (max-width: 1024px) 100vw, 1024px\" \/><\/a><\/figure>\n\n\n\n<p><\/p>\n\n\n\n<p class=\"has-text-align-center\"><mark style=\"background-color:rgba(0, 0, 0, 0);color:#ffffff\" class=\"has-inline-color\">YOGA &amp; HIGHER SELF W\u00fcsten Retreat<br>20.-27.10.2024 Marokko<\/mark><\/p>\n\n\n\n<figure class=\"wp-block-image size-large is-style-default\"><a href=\"https:\/\/shetransforms.at\/index.php\/retreat-marokko-2024\/\" target=\"_blank\" rel=\"noreferrer noopener\"><img loading=\"lazy\" decoding=\"async\" width=\"1024\" height=\"683\" src=\"https:\/\/shetransforms.at\/wp-content\/uploads\/2024\/08\/1-1024x683.png\" alt=\"\" class=\"wp-image-10656\" srcset=\"https:\/\/shetransforms.at\/wp-content\/uploads\/2024\/08\/1-1024x683.png 1024w, https:\/\/shetransforms.at\/wp-content\/uploads\/2024\/08\/1-300x200.png 300w, https:\/\/shetransforms.at\/wp-content\/uploads\/2024\/08\/1-768x512.png 768w, https:\/\/shetransforms.at\/wp-content\/uploads\/2024\/08\/1-1536x1024.png 1536w, https:\/\/shetransforms.at\/wp-content\/uploads\/2024\/08\/1-2048x1365.png 2048w, https:\/\/shetransforms.at\/wp-content\/uploads\/2024\/08\/1-1200x800.png 1200w, https:\/\/shetransforms.at\/wp-content\/uploads\/2024\/08\/1-1980x1320.png 1980w, https:\/\/shetransforms.at\/wp-content\/uploads\/2024\/08\/1-1320x880.png 1320w, https:\/\/shetransforms.at\/wp-content\/uploads\/2024\/08\/1-450x300.png 450w, https:\/\/shetransforms.at\/wp-content\/uploads\/2024\/08\/1-600x400.png 600w\" sizes=\"auto, (max-width: 1024px) 100vw, 1024px\" \/><\/a><\/figure>\n\n\n\n<p class=\"has-text-align-center\"><mark style=\"background-color:rgba(0, 0, 0, 0);color:#ffffff\" class=\"has-inline-color\">INNER DIAMOND Womens Retreat<br>05.-08.05.2024 Weissensee, K\u00e4rnten<\/mark><\/p>\n\n\n\n<figure class=\"wp-block-image size-large\"><a href=\"https:\/\/shetransforms.at\/index.php\/inner-diamond-retreat-weissensee\/\" target=\"_blank\" rel=\"noreferrer noopener\"><img loading=\"lazy\" decoding=\"async\" width=\"1024\" height=\"683\" src=\"https:\/\/shetransforms.at\/wp-content\/uploads\/2024\/01\/1-1024x683.png\" alt=\"\" class=\"wp-image-9960\" srcset=\"https:\/\/shetransforms.at\/wp-content\/uploads\/2024\/01\/1-1024x683.png 1024w, https:\/\/shetransforms.at\/wp-content\/uploads\/2024\/01\/1-300x200.png 300w, https:\/\/shetransforms.at\/wp-content\/uploads\/2024\/01\/1-768x512.png 768w, https:\/\/shetransforms.at\/wp-content\/uploads\/2024\/01\/1-1536x1024.png 1536w, https:\/\/shetransforms.at\/wp-content\/uploads\/2024\/01\/1-2048x1365.png 2048w, https:\/\/shetransforms.at\/wp-content\/uploads\/2024\/01\/1-1200x800.png 1200w, https:\/\/shetransforms.at\/wp-content\/uploads\/2024\/01\/1-1980x1320.png 1980w, https:\/\/shetransforms.at\/wp-content\/uploads\/2024\/01\/1-1320x880.png 1320w, https:\/\/shetransforms.at\/wp-content\/uploads\/2024\/01\/1-450x300.png 450w, https:\/\/shetransforms.at\/wp-content\/uploads\/2024\/01\/1-600x400.png 600w\" sizes=\"auto, (max-width: 1024px) 100vw, 1024px\" \/><\/a><\/figure>\n\n\n\n<p class=\"has-text-align-center\"><mark style=\"background-color:rgba(0, 0, 0, 0);color:#ffffff\" class=\"has-inline-color\">INNER DIAMOND Yin &amp; Yang Retreat<br>03.- 07. 01. 2024, Weissensee, K\u00e4rnten<\/mark><\/p>\n\n\n\n<figure class=\"wp-block-image size-large is-style-default\"><img loading=\"lazy\" decoding=\"async\" width=\"1024\" height=\"683\" src=\"https:\/\/shetransforms.at\/wp-content\/uploads\/2023\/09\/2-1024x683.png\" alt=\"\" class=\"wp-image-9860\" srcset=\"https:\/\/shetransforms.at\/wp-content\/uploads\/2023\/09\/2-1024x683.png 1024w, https:\/\/shetransforms.at\/wp-content\/uploads\/2023\/09\/2-300x200.png 300w, https:\/\/shetransforms.at\/wp-content\/uploads\/2023\/09\/2-768x512.png 768w, https:\/\/shetransforms.at\/wp-content\/uploads\/2023\/09\/2-1536x1024.png 1536w, https:\/\/shetransforms.at\/wp-content\/uploads\/2023\/09\/2-2048x1365.png 2048w, https:\/\/shetransforms.at\/wp-content\/uploads\/2023\/09\/2-1200x800.png 1200w, https:\/\/shetransforms.at\/wp-content\/uploads\/2023\/09\/2-1980x1320.png 1980w, https:\/\/shetransforms.at\/wp-content\/uploads\/2023\/09\/2-1320x880.png 1320w, https:\/\/shetransforms.at\/wp-content\/uploads\/2023\/09\/2-450x300.png 450w, https:\/\/shetransforms.at\/wp-content\/uploads\/2023\/09\/2-600x400.png 600w\" sizes=\"auto, (max-width: 1024px) 100vw, 1024px\" \/><\/figure>\n\n\n\n<p class=\"has-text-align-center has-accent-color has-text-color\"><mark style=\"background-color:rgba(0, 0, 0, 0);color:#ffffff\" class=\"has-inline-color\">AUTHENTIC WOMAN Yoga &amp; Creativity Retreat<br>31. 08. &#8211; 04. 09. 2022 Burgenland, \u00d6sterreich<\/mark><\/p>\n\n\n\n<figure class=\"wp-block-image size-large is-style-default\"><a href=\"https:\/\/shetransforms.at\/index.php\/yoga-kreativitaet-retreat\/\"><img loading=\"lazy\" decoding=\"async\" width=\"1024\" height=\"683\" src=\"https:\/\/shetransforms.at\/wp-content\/uploads\/2022\/06\/Kopie-von-Yoga-Kreativer-Ausdruck-1024x683.png\" alt=\"\" class=\"wp-image-7350\" srcset=\"https:\/\/shetransforms.at\/wp-content\/uploads\/2022\/06\/Kopie-von-Yoga-Kreativer-Ausdruck-1024x683.png 1024w, https:\/\/shetransforms.at\/wp-content\/uploads\/2022\/06\/Kopie-von-Yoga-Kreativer-Ausdruck-300x200.png 300w, https:\/\/shetransforms.at\/wp-content\/uploads\/2022\/06\/Kopie-von-Yoga-Kreativer-Ausdruck-768x512.png 768w, https:\/\/shetransforms.at\/wp-content\/uploads\/2022\/06\/Kopie-von-Yoga-Kreativer-Ausdruck-1536x1024.png 1536w, https:\/\/shetransforms.at\/wp-content\/uploads\/2022\/06\/Kopie-von-Yoga-Kreativer-Ausdruck-2048x1365.png 2048w, https:\/\/shetransforms.at\/wp-content\/uploads\/2022\/06\/Kopie-von-Yoga-Kreativer-Ausdruck-1200x800.png 1200w, https:\/\/shetransforms.at\/wp-content\/uploads\/2022\/06\/Kopie-von-Yoga-Kreativer-Ausdruck-1980x1320.png 1980w, https:\/\/shetransforms.at\/wp-content\/uploads\/2022\/06\/Kopie-von-Yoga-Kreativer-Ausdruck-1320x880.png 1320w, https:\/\/shetransforms.at\/wp-content\/uploads\/2022\/06\/Kopie-von-Yoga-Kreativer-Ausdruck-450x300.png 450w, https:\/\/shetransforms.at\/wp-content\/uploads\/2022\/06\/Kopie-von-Yoga-Kreativer-Ausdruck-600x400.png 600w\" sizes=\"auto, (max-width: 1024px) 100vw, 1024px\" \/><\/a><\/figure>\n\n\n\n<p class=\"has-text-align-center has-accent-color has-text-color\"><mark style=\"background-color:rgba(0, 0, 0, 0);color:#ffffff\" class=\"has-inline-color\">INNER DIAMOND Essenz &amp; Life Vision Retreat<br>15. &#8211; 18. 09. 2022 am Weissensee in K\u00e4rnten, \u00d6sterreich<\/mark><\/p>\n\n\n\n<figure class=\"wp-block-image size-large is-style-default\"><img loading=\"lazy\" decoding=\"async\" width=\"1024\" height=\"683\" src=\"https:\/\/shetransforms.at\/wp-content\/uploads\/2022\/08\/9-1024x683.png\" alt=\"\" class=\"wp-image-8043\" srcset=\"https:\/\/shetransforms.at\/wp-content\/uploads\/2022\/08\/9-1024x683.png 1024w, https:\/\/shetransforms.at\/wp-content\/uploads\/2022\/08\/9-300x200.png 300w, https:\/\/shetransforms.at\/wp-content\/uploads\/2022\/08\/9-768x512.png 768w, https:\/\/shetransforms.at\/wp-content\/uploads\/2022\/08\/9-1536x1024.png 1536w, https:\/\/shetransforms.at\/wp-content\/uploads\/2022\/08\/9-2048x1365.png 2048w, https:\/\/shetransforms.at\/wp-content\/uploads\/2022\/08\/9-1200x800.png 1200w, https:\/\/shetransforms.at\/wp-content\/uploads\/2022\/08\/9-1980x1320.png 1980w, https:\/\/shetransforms.at\/wp-content\/uploads\/2022\/08\/9-1320x880.png 1320w, https:\/\/shetransforms.at\/wp-content\/uploads\/2022\/08\/9-450x300.png 450w, https:\/\/shetransforms.at\/wp-content\/uploads\/2022\/08\/9-600x400.png 600w\" sizes=\"auto, (max-width: 1024px) 100vw, 1024px\" \/><\/figure>\n\n\n\n<p class=\"has-text-align-center has-accent-color has-text-color\"><mark style=\"background-color:rgba(0, 0, 0, 0)\" class=\"has-inline-color has-accent-color\"><br><br><\/mark><strong><mark style=\"background-color:rgba(0, 0, 0, 0);color:#ffffff\" class=\"has-inline-color\">TEILNEHMERINNEN FEEDBACK<\/mark><\/strong><mark style=\"background-color:rgba(0, 0, 0, 0)\" class=\"has-inline-color has-accent-color\"><br><\/mark><\/p>\n\n\n\n<p class=\"has-text-align-center has-text-color\" style=\"color:#cf8506\"><mark style=\"background-color:rgba(0, 0, 0, 0);color:#ffffff\" class=\"has-inline-color\">Ich m\u00f6chte hier noch einmal ganz ganz herzlich Danke sagen f\u00fcr das wundervolle Retreat am Wei\u00dfensee.<br>Die Tage dort mit Euch haben mir wieder so viel Kraft gegeben, meinen Alltag zu meistern. Unglaublich wie wohl ich mich gef\u00fchlt habe. Ihr habt einen wundervollen Raum er\u00f6ffnet und einen liebevollen und sicheren Rahmen f\u00fcr uns gehalten, in dem ich mich fallen lassen konnte. Ich durfte durchatmen und loslassen.<br>Ich durfte endlich mal wieder einfach sein und habe mich getraut, mein Herz wieder zu \u00f6ffnen.<br>Mein Herz h\u00fcpft jetzt noch vor Freude, wenn ich an das Retreat denke mit all den wohltuenden Elementen, mit den liebevollen Frauen, die ihr um euch versammelt hattet, mit der heilsamen Transformation, durch die ihr uns liebevoll, authentisch und stabil gef\u00fchrt habt. Nicht zu vergessen, das tolle Hotel mit ganz hervorragendem mega leckerem vegetarischem Essen, tolle Atmosph\u00e4re mit Wellness, Sauna und direktem Zugang zum See und sehr nettem Personal. Dieses Retreat mit Euch beiden w\u00fcrde ich zu jeder Zeit wieder machen und kann es nur jeder Frau empfehlen, sich es zu g\u00f6nnen. Es war eine gro\u00dfe Bereicherung.<br><br>Stefanie aus Ravensburg, Deutschland<br><br>*<\/mark><\/p>\n\n\n\n<p class=\"has-text-align-center has-text-color\" style=\"color:#cf8506\"><mark style=\"background-color:rgba(0, 0, 0, 0);color:#ffffff\" class=\"has-inline-color\">Ich m\u00f6chte mich von Herzen bedanken. <br>Ich denke so viel an jeden von Euch zur\u00fcck. Unsere Gruppe war der Wahnsinn \u2763\ufe0f JedeR hat jedemR den Raum gegeben.<br>Ich bin so unendlich dankbar, dass ich mich so \u00f6ffnen durfte.<br>Meine Energiekan\u00e4le waren wie frei geblasen. Mein Umfeld hat mir dies sogar angemerkt, ohne zu wissen, was genau passiert ist. WOW \u2764\ufe0f<br>Danke an jedeN Einzelnen von Euch. Ich hoffe wir sehen uns irgendwo wieder bei einem Retreat von Mila und Stephanie.<br>DANKE DANKE DANKE<br><br>Stefanie aus Hallbergmoos, Deutschland<br><br>*<\/mark><\/p>\n\n\n\n<p class=\"has-text-align-center\"><mark style=\"background-color:rgba(0, 0, 0, 0);color:#ffffff\" class=\"has-inline-color\">Mila und Stephanie begleiten beim Inner Diamond Retreat mit ganz viel Einf\u00fchlungsverm\u00f6gen und Intuition.<br>Ein gesch\u00fctzter Raum um Klarheit \u00fcber eigene Bed\u00fcrfnisse, Lebenspl\u00e4ne und Entwicklungsthemen zu bekommen; Abwechslungsreich und mit viel Freude und Leichtigkeit gef\u00fchrt! Danke f\u00fcr die gemeinsame Zeit an diesem magischen Ort.<br><em>She transforms&nbsp;<\/em>hat nach diesen Tagen eine ganz neue Bedeutung f\u00fcr mich bekommen. Aho!<br><br>Kathi aus Wien, \u00d6sterreich<br><br>*<\/mark><br><br><mark style=\"background-color:rgba(0, 0, 0, 0);color:#ffffff\" class=\"has-inline-color\">Das&nbsp;Inner Diamond Retreat&nbsp;am Weissensee war f\u00fcr mich gleicherma\u00dfen eine willkommene Auszeit vom Alltag<br>wie &#8222;Reise zum Ich&#8220;.<br>Das 4-t\u00e4gige Retreat-Programm von Mila und Stephanie war harmonisch aufeinander abgestimmt und sehr vielschichtig. Ich durfte eine vertrauensvolle und wertsch\u00e4tzende Atmosph\u00e4re erleben, bei der man loslassen und sich \u00f6ffnen konnte.&nbsp;Man erf\u00e4hrt viel \u00fcber sich selbst, l\u00e4sst Altes los und sch\u00f6pft Kraft von Innen. Der Weissensee bietet dar\u00fcber hinaus die perfekte Umgebung f\u00fcr Ruhe und Erholung.<br>F\u00fcr mich ein sehr stimmiges Retreat mit viel spiritueller Energie.<br>Danke Mila &amp; Stephanie!<br><br>Carmen aus Velden, \u00d6sterreich<br><br>*<\/mark><br><mark style=\"background-color:rgba(0, 0, 0, 0);color:#ffffff\" class=\"has-inline-color\"><br>Ganz ohne Erwartungen und neugierig bin ich zum Weissensee gefahren. Gerne schau ich mit einem L\u00e4cheln zur\u00fcck zum vergangenen Wochenende.<br>Was hab ich da nur erlebt &#8230; alles NEU &#8230; OMG, was tun die alle?<br>Jetzt f\u00fchlen sich die Erinnerungen an, wie ein riesiger Schritt von einer Welt&nbsp;aus Hektik, keine Zeit, Druck<br>in eine Welt, federleicht, wie mit Watte ausgepolstert,<br>weich und sch\u00f6n.<br>Erholung pur und ausnahmslos sch\u00f6ne Erinnerungen.<br>Danke euch beiden,&nbsp;den&nbsp;super Reatreatteilnehmern und auch dem lieben Gott.<br><br>Elisabeth aus Bruck, \u00d6sterreich<br><\/mark><\/p>\n\n\n\n<p class=\"has-text-align-center\"><\/p>\n","protected":false},"excerpt":{"rendered":"<p>GANZHEITLICHKEIT,TRANSFORMATION&amp; COMMUNITY Wir verstehen den Mensch als K\u00f6rper,- Geist,- und Seelen Einheit. Daher legen wir in unseren Retreats gr\u00f6ssten Wert darauf, alle 3 Aspekte in die Gestaltung der Programme miteinzubeziehen.Auf dieser Basis kann ein langfristiger Transformations,- und Entwicklungsprozess unserer TeilnehmerInnen gew\u00e4hrleistet werden. Auch in der Auswahl unserer Kooperationspartner &#8211; wie Hotels, Retreatcenter und sonstigen Unterk\u00fcnften [&hellip;]<\/p>\n","protected":false},"author":1,"featured_media":0,"parent":0,"menu_order":0,"comment_status":"closed","ping_status":"closed","template":"","meta":{"footnotes":""},"class_list":["post-5987","page","type-page","status-publish","hentry"],"_links":{"self":[{"href":"https:\/\/shetransforms.at\/index.php\/wp-json\/wp\/v2\/pages\/5987","targetHints":{"allow":["GET"]}}],"collection":[{"href":"https:\/\/shetransforms.at\/index.php\/wp-json\/wp\/v2\/pages"}],"about":[{"href":"https:\/\/shetransforms.at\/index.php\/wp-json\/wp\/v2\/types\/page"}],"author":[{"embeddable":true,"href":"https:\/\/shetransforms.at\/index.php\/wp-json\/wp\/v2\/users\/1"}],"replies":[{"embeddable":true,"href":"https:\/\/shetransforms.at\/index.php\/wp-json\/wp\/v2\/comments?post=5987"}],"version-history":[{"count":256,"href":"https:\/\/shetransforms.at\/index.php\/wp-json\/wp\/v2\/pages\/5987\/revisions"}],"predecessor-version":[{"id":11972,"href":"https:\/\/shetransforms.at\/index.php\/wp-json\/wp\/v2\/pages\/5987\/revisions\/11972"}],"wp:attachment":[{"href":"https:\/\/shetransforms.at\/index.php\/wp-json\/wp\/v2\/media?parent=5987"}],"curies":[{"name":"wp","href":"https:\/\/api.w.org\/{rel}","templated":true}]}}