{"id":4894,"date":"2021-10-18T20:23:02","date_gmt":"2021-10-18T20:23:02","guid":{"rendered":"https:\/\/shetransforms.at\/?page_id=4894"},"modified":"2022-03-16T15:05:21","modified_gmt":"2022-03-16T15:05:21","slug":"align","status":"publish","type":"page","link":"https:\/\/shetransforms.at\/index.php\/align\/","title":{"rendered":"Align"},"content":{"rendered":"\n<p class=\"has-text-align-center\"><br><br><br><span class=\"has-inline-color has-accent-color\">DER 1. VON 3 WORKSHOPS IN DEINE MEISTERSCHAFT<\/span><\/p>\n\n\n\n<figure class=\"wp-block-gallery alignwide columns-2 is-cropped wp-block-gallery-1 is-layout-flex wp-block-gallery-is-layout-flex\"><ul class=\"blocks-gallery-grid\"><li class=\"blocks-gallery-item\"><figure><img decoding=\"async\" src=\"https:\/\/shetransforms.at\/wp-content\/uploads\/2022\/03\/2-1-1024x683.png\" alt=\"\" data-id=\"6967\" data-full-url=\"https:\/\/shetransforms.at\/wp-content\/uploads\/2022\/03\/2-1.png\" data-link=\"https:\/\/shetransforms.at\/2-22\/\" class=\"wp-image-6967\"\/><\/figure><\/li><li class=\"blocks-gallery-item\"><figure><img decoding=\"async\" src=\"https:\/\/shetransforms.at\/wp-content\/uploads\/2022\/03\/ALIGN-ARISE-ACHIEVE-1024x683.png\" alt=\"\" data-id=\"6985\" data-full-url=\"https:\/\/shetransforms.at\/wp-content\/uploads\/2022\/03\/ALIGN-ARISE-ACHIEVE.png\" data-link=\"https:\/\/shetransforms.at\/align-arise-achieve-3\/\" class=\"wp-image-6985\"\/><\/figure><\/li><li class=\"blocks-gallery-item\"><figure><img decoding=\"async\" src=\"https:\/\/shetransforms.at\/wp-content\/uploads\/2022\/03\/8-2-1024x683.png\" alt=\"\" data-id=\"6968\" data-full-url=\"https:\/\/shetransforms.at\/wp-content\/uploads\/2022\/03\/8-2.png\" data-link=\"https:\/\/shetransforms.at\/8-24\/\" class=\"wp-image-6968\"\/><\/figure><\/li><li class=\"blocks-gallery-item\"><figure><img decoding=\"async\" src=\"https:\/\/shetransforms.at\/wp-content\/uploads\/2022\/01\/7-5-1024x683.jpg\" alt=\"\" data-id=\"6279\" data-full-url=\"https:\/\/shetransforms.at\/wp-content\/uploads\/2022\/01\/7-5.jpg\" data-link=\"https:\/\/shetransforms.at\/7-21\/\" class=\"wp-image-6279\"\/><\/figure><\/li><li class=\"blocks-gallery-item\"><figure><img decoding=\"async\" src=\"https:\/\/shetransforms.at\/wp-content\/uploads\/2022\/01\/8-5-1024x683.jpg\" alt=\"\" data-id=\"6280\" data-full-url=\"https:\/\/shetransforms.at\/wp-content\/uploads\/2022\/01\/8-5.jpg\" data-link=\"https:\/\/shetransforms.at\/8-19\/\" class=\"wp-image-6280\"\/><\/figure><\/li><li class=\"blocks-gallery-item\"><figure><img decoding=\"async\" src=\"https:\/\/shetransforms.at\/wp-content\/uploads\/2022\/03\/ALIGN-ARISE-ACHIEVE-1-1024x683.png\" alt=\"\" data-id=\"6988\" data-full-url=\"https:\/\/shetransforms.at\/wp-content\/uploads\/2022\/03\/ALIGN-ARISE-ACHIEVE-1.png\" data-link=\"https:\/\/shetransforms.at\/align-arise-achieve-1\/\" class=\"wp-image-6988\"\/><\/figure><\/li><\/ul><\/figure>\n\n\n\n<div class=\"wp-block-buttons alignwide is-content-justification-center is-layout-flex wp-block-buttons-is-layout-flex\">\n<div class=\"wp-block-button\"><a class=\"wp-block-button__link\" href=\"https:\/\/elopage.com\/s\/mila-dor\/align-embodiment-workshop\" target=\"_blank\" rel=\"noreferrer noopener\">Ja, ich will dabei sein!<\/a><\/div>\n<\/div>\n\n\n\n<p class=\"has-text-align-left\"><span class=\"has-inline-color has-accent-color\"><strong>INHALT<\/strong><\/span><br><br><span class=\"has-inline-color has-accent-color\"><strong>TAG 1<\/strong><br><br><strong>CLEARING &amp; Theta\u00aeHealing<\/strong><\/span><\/p>\n\n\n\n<p><span class=\"has-inline-color has-accent-color\">In diesem Ancestral Clearing (Ahnen Clearing) in Kombination mit Theta Healing l\u00f6sen wir alte Wunden und \u00fcberholte Glaubensmuster aus deinem System und ersetzen sie durch neue, konstruktive Gedanken und dazugeh\u00f6rige Emotionen.<br><br><strong>TAG 2<\/strong><\/span><br><br><span class=\"has-inline-color has-accent-color\">Dein <strong>HUMAN DESIGN<\/strong> Typ, Profil, Autorit\u00e4t &amp; Strategie<\/span><\/p>\n\n\n\n<p><meta charset=\"utf-8\"><span class=\"has-inline-color has-accent-color\">* Lerne deinen individuellen Energie-Typ kennen und was dein Profil \u00fcber dich verr\u00e4t. <br><meta charset=\"utf-8\"><span class=\"has-inline-color has-accent-color\">* <\/span>St\u00e4rke deine Intuition durch deine innere Autorit\u00e4t und erh\u00f6he deine Selbstwirksamkeit durch deine \u00e4u\u00dfere Strategie.<\/span><br><br><strong><span class=\"has-inline-color has-accent-color\">TAG 3<\/span><\/strong><\/p>\n\n\n\n<p><span class=\"has-inline-color has-accent-color\" style=\"\"><b>LIFE VISIONING<\/b><\/span><\/p>\n\n\n\n<p><meta charset=\"utf-8\"><span class=\"has-inline-color has-accent-color\">* Die spirituellen Entwicklungsstufen und Bedingungen des Life<\/span> <span class=\"has-inline-color has-accent-color\">Visioning Prozesses.<\/span> <br><span class=\"has-inline-color has-accent-color\">* In dieser Session lernst Du, dich mit deiner Seelenessenz- und Vision<\/span> <span class=\"has-inline-color has-accent-color\">zu verbinden.<\/span><br><span class=\"has-inline-color has-accent-color\">* Du erkennst, wof\u00fcr Du hier bist und mit welchen Gaben Du der<\/span> <span class=\"has-inline-color has-accent-color\">Welt dienen kannst.<\/span><\/p>\n\n\n\n<p><br><strong><span class=\"has-inline-color has-accent-color\">Dieser Workshop ist f\u00fcr dich, wenn Du\u2026<\/span><\/strong><br><br><span class=\"has-inline-color has-accent-color\">\u2026&nbsp;gerne lustvoll lernst<\/span><br><meta charset=\"utf-8\"><span class=\"has-inline-color has-accent-color\">\u2026tief in dein Inneres eintauchen willst<\/span><br><span class=\"has-inline-color has-accent-color\">\u2026dich von selbstboykottierenden Glaubensmustern befreien willst<br>&#8230;Deine Lebensvision erkennen und auf den Boden bringen willst<br>\u2026entschieden hast, dein wahres Selbst zu leben und deinem Herzen zu folgen<\/span><\/p>\n\n\n\n<p><br><strong><span class=\"has-inline-color has-accent-color\">Deine Extras<\/span><\/strong><br><br><span class=\"has-inline-color has-accent-color\">* Du erh\u00e4ltst das Align WORKBOOK zur Eigenanalyse, Motivation und Verk\u00f6rperung deines wahren Wesens.<br><br>*&nbsp;Eine eigene FB Gruppe unterst\u00fctzt dich zus\u00e4tzlich durch Austausch und Connection mit Gleichgesinnten.<br><br><br><strong>ALIGN<\/strong>&nbsp;\u2013 Embodiment Workshop #1<br><br><strong>Freitag \u2013 Sonntag<\/strong>, jeweils von&nbsp;<strong>19:00-21:00 Uhr<\/strong><br>Online via Zoom<br><br><strong>\u20ac 330,-<\/strong>&nbsp;(incl. 20% Ust)<br><br>Buche <strong>ALIGN<\/strong> jetzt via Button oder an&nbsp;<\/span><strong><a href=\"mailto:office@shetransforms.at\">office@shetransforms.at<\/a><\/strong><\/p>\n\n\n\n<div class=\"wp-block-buttons is-content-justification-center is-layout-flex wp-block-buttons-is-layout-flex\">\n<div class=\"wp-block-button\"><a class=\"wp-block-button__link\" href=\"https:\/\/elopage.com\/s\/mila-dor\/align-embodiment-workshop\" target=\"_blank\" rel=\"noreferrer noopener\">Jetzt F\u00fcr ALIGN ANMELDEN<\/a><\/div>\n<\/div>\n\n\n\n<p><\/p>\n","protected":false},"excerpt":{"rendered":"<p>DER 1. VON 3 WORKSHOPS IN DEINE MEISTERSCHAFT INHALT TAG 1 CLEARING &amp; Theta\u00aeHealing In diesem Ancestral Clearing (Ahnen Clearing) in Kombination mit Theta Healing l\u00f6sen wir alte Wunden und \u00fcberholte Glaubensmuster aus deinem System und ersetzen sie durch neue, konstruktive Gedanken und dazugeh\u00f6rige Emotionen. TAG 2 Dein HUMAN DESIGN Typ, Profil, Autorit\u00e4t &amp; Strategie [&hellip;]<\/p>\n","protected":false},"author":1,"featured_media":0,"parent":0,"menu_order":0,"comment_status":"closed","ping_status":"closed","template":"","meta":{"footnotes":""},"class_list":["post-4894","page","type-page","status-publish","hentry"],"_links":{"self":[{"href":"https:\/\/shetransforms.at\/index.php\/wp-json\/wp\/v2\/pages\/4894","targetHints":{"allow":["GET"]}}],"collection":[{"href":"https:\/\/shetransforms.at\/index.php\/wp-json\/wp\/v2\/pages"}],"about":[{"href":"https:\/\/shetransforms.at\/index.php\/wp-json\/wp\/v2\/types\/page"}],"author":[{"embeddable":true,"href":"https:\/\/shetransforms.at\/index.php\/wp-json\/wp\/v2\/users\/1"}],"replies":[{"embeddable":true,"href":"https:\/\/shetransforms.at\/index.php\/wp-json\/wp\/v2\/comments?post=4894"}],"version-history":[{"count":44,"href":"https:\/\/shetransforms.at\/index.php\/wp-json\/wp\/v2\/pages\/4894\/revisions"}],"predecessor-version":[{"id":6989,"href":"https:\/\/shetransforms.at\/index.php\/wp-json\/wp\/v2\/pages\/4894\/revisions\/6989"}],"wp:attachment":[{"href":"https:\/\/shetransforms.at\/index.php\/wp-json\/wp\/v2\/media?parent=4894"}],"curies":[{"name":"wp","href":"https:\/\/api.w.org\/{rel}","templated":true}]}}