{"id":4717,"date":"2021-10-11T15:22:58","date_gmt":"2021-10-11T15:22:58","guid":{"rendered":"https:\/\/shetransforms.at\/?page_id=4717"},"modified":"2026-02-17T11:29:15","modified_gmt":"2026-02-17T11:29:15","slug":"human-design","status":"publish","type":"page","link":"https:\/\/shetransforms.at\/index.php\/human-design\/","title":{"rendered":"Dein Human Design"},"content":{"rendered":"<div class=\"wp-block-image is-style-default\">\n<figure class=\"aligncenter size-large\"><img loading=\"lazy\" decoding=\"async\" width=\"1024\" height=\"1024\" src=\"https:\/\/shetransforms.at\/wp-content\/uploads\/2026\/02\/20-1024x1024.png\" alt=\"\" class=\"wp-image-11869\" srcset=\"https:\/\/shetransforms.at\/wp-content\/uploads\/2026\/02\/20-1024x1024.png 1024w, https:\/\/shetransforms.at\/wp-content\/uploads\/2026\/02\/20-300x300.png 300w, https:\/\/shetransforms.at\/wp-content\/uploads\/2026\/02\/20-150x150.png 150w, https:\/\/shetransforms.at\/wp-content\/uploads\/2026\/02\/20-768x768.png 768w, https:\/\/shetransforms.at\/wp-content\/uploads\/2026\/02\/20-450x450.png 450w, https:\/\/shetransforms.at\/wp-content\/uploads\/2026\/02\/20-600x600.png 600w, https:\/\/shetransforms.at\/wp-content\/uploads\/2026\/02\/20-100x100.png 100w, https:\/\/shetransforms.at\/wp-content\/uploads\/2026\/02\/20.png 1080w\" sizes=\"auto, (max-width: 1024px) 100vw, 1024px\" \/><\/figure>\n<\/div>\n\n\n<p class=\"has-text-align-center has-accent-color has-text-color has-link-color wp-elements-b63b6a2cab39e77b795359edf405ab96\"><mark style=\"background-color:rgba(0, 0, 0, 0);color:#ffffff\" class=\"has-inline-color\"><br>ERKENNE DEINE <strong>GENETISCHE MATRIX &#8211; <br><\/strong>UND VERK\u00d6RPERE WER DU IN WAHRHEIT BIST<br><\/mark><\/p>\n\n\n\n<p class=\"has-text-align-center\"><mark style=\"background-color:rgba(0, 0, 0, 0);color:#ffffff\" class=\"has-inline-color\"><br>Das HUMAN DESIGN System ist die erste umfassende Synthese aus den modernen Wissenschaften und dem alten Wissen: moderne Physik, Astronomie, Genetik und Biochemie trifft auf Astrologie, I Ging, Chakra-Lehre und Kabbala.&nbsp;<\/mark><\/p>\n\n\n\n<p class=\"has-text-align-center\"><mark style=\"background-color:rgba(0, 0, 0, 0);color:#ffffff\" class=\"has-inline-color\">Die daraus entwickelte K\u00f6rpergrafik zeigt dir deine genetische Matrix, deine Pers\u00f6nlichkeitsstruktur: Du siehst, wer Du in Wahrheit und von deiner Anlage her auf K\u00f6rper- und Pers\u00f6nlichkeitsebene (bewusst und unbewusst) bist.<br><br>Im Laufe des Lebens erlernen wir Muster und werden auf eine bestimmte Art konditioniert, die meist nicht unserem wahren Wesen entspricht. Du lebst sozusagen deinem eigenen Design diametral entgegen, was nicht selten zu Frustration und Leiden f\u00fchrt. Sehr oft sind es unbewusste Themen, die mithilfe des Human Designs ans Licht kommen d\u00fcrfen um transformiert zu werden.<br><br>Du beginnst dich selbst besser zu verstehen, deine Energie und deine wahren Potentiale zu erkennen, dich anzunehmen und wertzusch\u00e4tzen &#8211; f\u00fcr deine Einzigartigkeit. <br><br>Durch die Anwendung deiner inneren Autorit\u00e4t und \u00e4u\u00dferen Strategie kommst Du immer mehr ins Alignment mit deinem ureigenen Wesenskern &#8211; das Leben erh\u00e4lt wieder Sinn und dies \u00f6ffnet dir Tore zu innerer und \u00e4usserer Lebendigkeit &amp; Energie.<br><br>Denn Du bist genau richtig so wie Du bist um deinen Seelenplan zu leben und deine Tr\u00e4ume wahr werden zu lassen!<br><\/mark><\/p>\n\n\n\n<p class=\"has-text-align-left\"><mark style=\"background-color:rgba(0, 0, 0, 0);color:#ffffff\" class=\"has-inline-color\">Gerne lese ich deine ganz individuelle Human Design Chart aus und erkl\u00e4re Dir deine einzigartige Matrix.<br><br><strong>Deine HUMAN DESIGN Session<\/strong><br><br>INHALT<br><br>* Dein ENERGIE-TYP<br>* Dein PROFIL<br>* Deine innere AUTORIT\u00c4T<br>* Deine \u00e4u\u00dfere STRATEGIE<br>* Deine aktiven ENERGIE ZENTREN<br>* Deine ST\u00c4RKEN &amp; POTENTIALE<br>* Deine LERNTHEMEN<br>* Deine ST\u00c4RKEN<br>Und:<br>* Du erh\u00e4ltst ein PDF mit allen Details<br>  deines Human Designs zum Nachlesen.<br><br>DAUER ca 2-2,5h<br>PREIS \u20ac 220,-<br>Online via Zoom<\/mark><\/p>\n\n\n\n<p><mark style=\"background-color:rgba(0, 0, 0, 0);color:#ffffff\" class=\"has-inline-color\">Kontaktiere mich gerne f\u00fcr Deinen Wunschtermin<br>via <a href=\"emailto:office@shetransforms.at\">Email<\/a> oder WhatsApp an +43(0) 69912605795<br><br>Ich freu mich auf Dich!<\/mark><\/p>\n\n\n\n<p class=\"has-text-align-center has-primary-color has-text-color has-link-color wp-elements-22b9860a28990e09b46931455bfcc34f\"><mark style=\"background-color:rgba(0, 0, 0, 0)\" class=\"has-inline-color has-accent-color\"><br><\/mark><strong><mark style=\"background-color:rgba(0, 0, 0, 0);color:#ffffff\" class=\"has-inline-color\">AUF DIE VERK\u00d6RPERUNG DEINER ESSENZ<\/mark><\/strong><br><\/p>\n\n\n\n<p class=\"has-text-align-center\"><br><mark style=\"background-color:rgba(0, 0, 0, 0);color:#ffffff\" class=\"has-inline-color\">KLIENTINNEN FEEDBACK<\/mark><br><\/p>\n\n\n\n<p class=\"has-text-align-center\"><mark style=\"background-color:rgba(0, 0, 0, 0);color:#ffffff\" class=\"has-inline-color\">&#8222;Ich bin dir echt dankbar f\u00fcr dieses unglaublich spannende und gleichzeitig so aufkl\u00e4rende Reading &#8211; Es war und ist noch immer einleuchtend und arbeitet noch immer nach &#8230; Ich muss aber sagen, dass das HD Chart Reading f\u00fcr mich jetzt zur richtigen Zeit auch gemacht worden ist, wo ich mich gerade sehr viel und intensiv mit mir auseinandergesetzt habe. &amp; danke f\u00fcr den so vertrauten Space den du w\u00e4hrend des readings kreiert hast&#8220; <br><br>Katharina aus Graz, \u00d6sterreich<br><\/mark><br><mark style=\"background-color:rgba(0, 0, 0, 0);color:#ffffff\" class=\"has-inline-color\">*<\/mark><br><mark style=\"background-color:rgba(0, 0, 0, 0);color:#ffffff\" class=\"has-inline-color\"><br>&#8222;Die Human Design Session war sehr erkenntnisreich,<br>auch wenn mein Profil nicht ganz unbekannt war,<br>konnte ich so vieles f\u00fcr mich daraus mitnehmen!<br>Mila ging tief mit mir hinein, nahm sich Zeit f\u00fcr ausf\u00fchrliche Information und gab mir aufgrund ihrer Erfahrung und F\u00e4higkeiten umfassende, holistische und neue Einblicke<\/mark><br><mark style=\"background-color:rgba(0, 0, 0, 0);color:#ffffff\" class=\"has-inline-color\">in meine Chart.<br>Ich sp\u00fcrte mich auf allen Ebenen gesehen und ging top-motiviert,<br>mit vollem Kopf und vollem Herzen aus der Session!!&#8220;<br><br>Sonja aus Leibnitz, \u00d6sterreich<\/mark><\/p>\n","protected":false},"excerpt":{"rendered":"<p>ERKENNE DEINE GENETISCHE MATRIX &#8211; UND VERK\u00d6RPERE WER DU IN WAHRHEIT BIST Das HUMAN DESIGN System ist die erste umfassende Synthese aus den modernen Wissenschaften und dem alten Wissen: moderne Physik, Astronomie, Genetik und Biochemie trifft auf Astrologie, I Ging, Chakra-Lehre und Kabbala.&nbsp; Die daraus entwickelte K\u00f6rpergrafik zeigt dir deine genetische Matrix, deine Pers\u00f6nlichkeitsstruktur: Du [&hellip;]<\/p>\n","protected":false},"author":1,"featured_media":0,"parent":0,"menu_order":0,"comment_status":"closed","ping_status":"closed","template":"","meta":{"footnotes":""},"class_list":["post-4717","page","type-page","status-publish","hentry"],"_links":{"self":[{"href":"https:\/\/shetransforms.at\/index.php\/wp-json\/wp\/v2\/pages\/4717","targetHints":{"allow":["GET"]}}],"collection":[{"href":"https:\/\/shetransforms.at\/index.php\/wp-json\/wp\/v2\/pages"}],"about":[{"href":"https:\/\/shetransforms.at\/index.php\/wp-json\/wp\/v2\/types\/page"}],"author":[{"embeddable":true,"href":"https:\/\/shetransforms.at\/index.php\/wp-json\/wp\/v2\/users\/1"}],"replies":[{"embeddable":true,"href":"https:\/\/shetransforms.at\/index.php\/wp-json\/wp\/v2\/comments?post=4717"}],"version-history":[{"count":97,"href":"https:\/\/shetransforms.at\/index.php\/wp-json\/wp\/v2\/pages\/4717\/revisions"}],"predecessor-version":[{"id":11939,"href":"https:\/\/shetransforms.at\/index.php\/wp-json\/wp\/v2\/pages\/4717\/revisions\/11939"}],"wp:attachment":[{"href":"https:\/\/shetransforms.at\/index.php\/wp-json\/wp\/v2\/media?parent=4717"}],"curies":[{"name":"wp","href":"https:\/\/api.w.org\/{rel}","templated":true}]}}