{"id":4555,"date":"2021-09-03T13:03:53","date_gmt":"2021-09-03T13:03:53","guid":{"rendered":"https:\/\/shetransforms.at\/?page_id=4555"},"modified":"2022-03-30T14:44:25","modified_gmt":"2022-03-30T14:44:25","slug":"raum-zeit","status":"publish","type":"page","link":"https:\/\/shetransforms.at\/index.php\/raum-zeit\/","title":{"rendered":"Raum &#038; Zeit"},"content":{"rendered":"\n<p class=\"has-text-align-center\"><br><br><br><strong><span style=\"color:#be9415\" class=\"has-inline-color\">DEINE <\/span><\/strong><b><span style=\"color:#be9415\" class=\"has-inline-color\">AUSZEIT<\/span><\/b><\/p>\n\n\n\n<p><span style=\"color:#be9415\" class=\"has-inline-color\">\u2026 aus der Hetze des Alltags aussteigen. Dir selbst Raum und Zeit schenken, um dir wieder neu zu begegnen, in deine wahre Essenz einzutauchen.<br>Durch die Verbindung zu deinem H\u00f6heren Selbst, deiner Wahrheit erkennen, wo Du aus deiner Einheit herausgefallen bist.<br>Klarheit gewinnen, was dir wirklich wichtig ist und wof\u00fcr Du deine Energie einsetzen willst.<\/span><span class=\"has-inline-color has-primary-color\"> <\/span><\/p>\n\n\n\n<p><\/p>\n\n\n\n<p class=\"has-text-align-center\"><strong><span style=\"color:#be9415\" class=\"has-inline-color\">VON DER STAGNATION IN DEN FLOW<\/span><\/strong><\/p>\n\n\n\n<p><span style=\"color:#be9415\" class=\"has-inline-color\">Die Zeichen, dass Du aus der Balance gefallen bist k\u00f6nnen vielf\u00e4ltig sein und sich auf mentaler, psychischer oder k\u00f6rperlicher Ebene manifestieren.<br>Vielleicht merkst Du, dass deine Geduld gerade an einem seidenen Faden h\u00e4ngt, dass Du dich ausgebrannt f\u00fchlst oder dass Du st\u00e4ndig Nackenschmerzen hast.<br>Vielleicht macht f\u00fcr dich gerade nichts Sinn und Du hast Sehnsucht nach wahrem Tiefgang und der Erkundung deiner spirituellen Innenwelt.<\/span><\/p>\n\n\n\n<p class=\"has-text-align-center\"><strong><span style=\"color:#be9415\" class=\"has-inline-color\">EINLADUNG ZUR REISE INS SELBST<\/span><\/strong><\/p>\n\n\n\n<p><\/p>\n\n\n\n<p><span style=\"color:#c29a34\" class=\"has-inline-color\">DIESES MENTORING IST F\u00dcR DICH, WENN DU&#8230;<\/span><br><br><span style=\"color:#be9415\" class=\"has-inline-color\">&#8230;eine Macherin bist, die mal loslassen will<\/span><br><meta charset=\"utf-8\"><span style=\"color:#be9415\" class=\"has-inline-color\">&#8230;deine Energie &amp; Resilienz erh\u00f6hen willst<br>&#8230;Zeit und Raum f\u00fcr dich selbst haben willst<br>&#8230;von der Anspannung in den Flow shiften willst<br>&#8230;deine weibliche, intuitive Seite wieder erwecken willst<br>&#8230;bewusster leben und dich ganzheitlich weiterentwickeln willst<\/span><br><\/p>\n\n\n\n<p class=\"has-text-align-center\"><strong><span style=\"color:#be9415\" class=\"has-inline-color\">MENTORING NACH DEINEN BED\u00dcRFNISSEN<\/span><\/strong><\/p>\n\n\n\n<p><\/p>\n\n\n\n<p><span style=\"color:#be9415\" class=\"has-inline-color\">Egal ob Du ein bestimmtes Thema hast, das dich gerade besch\u00e4ftigt oder ob Du einfach mal die Welt vor der T\u00fcr lassen willst &#8211; dies ist der Raum, wo Du ganz Du selbst sein kannst. <br>Ich nehme dich in deiner Ganzheit wahr. Je nach Bedarf arbeite ich mit dir auf energetischer, mentaler oder spiritueller Ebene, wir sehen uns dein individuelles Human Design an, und ich gebe dir wertvolle Tips wie Du mit deiner Energie am besten haushalten kannst,<br>damit Du dich wieder in dir selbst so richtig wohl und geborgen f\u00fchlst.<\/span><\/p>\n\n\n\n<p class=\"has-text-align-center\"><strong><span style=\"color:#be9415\" class=\"has-inline-color\">GANZ IN DEINEM RYTHMUS<\/span><\/strong><\/p>\n\n\n\n<p><span style=\"color:#be9415\" class=\"has-inline-color\">Du bist vielbesch\u00e4ftigt und m\u00f6chtest auch zeitlich flexibel sein, wann und wie oft Du das Mentoring in Anspruch nimmst?<br>Super, denn Du entscheidest wann Du dir deine pers\u00f6nliche Auszeit nimmst und in welchen Abst\u00e4nden es f\u00fcr dich Sinn macht. <br>Ich freue mich Dir den Raum zu bieten.<\/span><br><br><span style=\"color:#be9415\" class=\"has-inline-color\">EINZELSESSION \u20ac 180,-<br>SESSION IN SERIE \u20ac 160,-<br>Online via Zoom<\/span><\/p>\n\n\n\n<p><span style=\"color:#be9415\" class=\"has-inline-color\">INFO &amp; BUCHUNG<br>Email <a href=\"mailto:office@shetransforms.at\">office@shetransforms.at<\/a><br>Mobil +43 (0) 699 12605795<\/span><\/p>\n\n\n\n<p><\/p>\n\n\n\n<p class=\"has-text-align-center\"><br><strong><span style=\"color:#be9415\" class=\"has-inline-color\">DEINE ZEIT &#8211; DEIN LEBEN!<\/span><\/strong><\/p>\n\n\n\n<p><\/p>\n","protected":false},"excerpt":{"rendered":"<p>DEINE AUSZEIT \u2026 aus der Hetze des Alltags aussteigen. Dir selbst Raum und Zeit schenken, um dir wieder neu zu begegnen, in deine wahre Essenz einzutauchen.Durch die Verbindung zu deinem H\u00f6heren Selbst, deiner Wahrheit erkennen, wo Du aus deiner Einheit herausgefallen bist.Klarheit gewinnen, was dir wirklich wichtig ist und wof\u00fcr Du deine Energie einsetzen willst. [&hellip;]<\/p>\n","protected":false},"author":1,"featured_media":0,"parent":0,"menu_order":0,"comment_status":"closed","ping_status":"closed","template":"","meta":{"footnotes":""},"class_list":["post-4555","page","type-page","status-publish","hentry"],"_links":{"self":[{"href":"https:\/\/shetransforms.at\/index.php\/wp-json\/wp\/v2\/pages\/4555","targetHints":{"allow":["GET"]}}],"collection":[{"href":"https:\/\/shetransforms.at\/index.php\/wp-json\/wp\/v2\/pages"}],"about":[{"href":"https:\/\/shetransforms.at\/index.php\/wp-json\/wp\/v2\/types\/page"}],"author":[{"embeddable":true,"href":"https:\/\/shetransforms.at\/index.php\/wp-json\/wp\/v2\/users\/1"}],"replies":[{"embeddable":true,"href":"https:\/\/shetransforms.at\/index.php\/wp-json\/wp\/v2\/comments?post=4555"}],"version-history":[{"count":55,"href":"https:\/\/shetransforms.at\/index.php\/wp-json\/wp\/v2\/pages\/4555\/revisions"}],"predecessor-version":[{"id":7175,"href":"https:\/\/shetransforms.at\/index.php\/wp-json\/wp\/v2\/pages\/4555\/revisions\/7175"}],"wp:attachment":[{"href":"https:\/\/shetransforms.at\/index.php\/wp-json\/wp\/v2\/media?parent=4555"}],"curies":[{"name":"wp","href":"https:\/\/api.w.org\/{rel}","templated":true}]}}