{"id":371,"date":"2020-08-14T13:51:34","date_gmt":"2020-08-14T13:51:34","guid":{"rendered":"http:\/\/shetransforms.at\/?page_id=371"},"modified":"2026-02-17T11:34:06","modified_gmt":"2026-02-17T11:34:06","slug":"tierenergetik","status":"publish","type":"page","link":"https:\/\/shetransforms.at\/index.php\/the-new-umoma-opens-its-doors-2\/tierenergetik\/","title":{"rendered":"Tierenergetik"},"content":{"rendered":"\n<figure class=\"wp-block-image size-large\"><img loading=\"lazy\" decoding=\"async\" width=\"1024\" height=\"1024\" src=\"https:\/\/shetransforms.at\/wp-content\/uploads\/2026\/02\/Copy-of-INSTAGRAM-3-1024x1024.png\" alt=\"\" class=\"wp-image-11941\" srcset=\"https:\/\/shetransforms.at\/wp-content\/uploads\/2026\/02\/Copy-of-INSTAGRAM-3-1024x1024.png 1024w, https:\/\/shetransforms.at\/wp-content\/uploads\/2026\/02\/Copy-of-INSTAGRAM-3-300x300.png 300w, https:\/\/shetransforms.at\/wp-content\/uploads\/2026\/02\/Copy-of-INSTAGRAM-3-150x150.png 150w, https:\/\/shetransforms.at\/wp-content\/uploads\/2026\/02\/Copy-of-INSTAGRAM-3-768x768.png 768w, https:\/\/shetransforms.at\/wp-content\/uploads\/2026\/02\/Copy-of-INSTAGRAM-3-450x450.png 450w, https:\/\/shetransforms.at\/wp-content\/uploads\/2026\/02\/Copy-of-INSTAGRAM-3-600x600.png 600w, https:\/\/shetransforms.at\/wp-content\/uploads\/2026\/02\/Copy-of-INSTAGRAM-3-100x100.png 100w, https:\/\/shetransforms.at\/wp-content\/uploads\/2026\/02\/Copy-of-INSTAGRAM-3.png 1080w\" sizes=\"auto, (max-width: 1024px) 100vw, 1024px\" \/><\/figure>\n\n\n\n<p><mark style=\"background-color:rgba(0, 0, 0, 0);color:#ffffff\" class=\"has-inline-color\">DEIN Tier ist unausgeglichen, zeigt scheinbar grundlos auff\u00e4lliges Verhalten oder leidet unter gesundheitlichen Problemen, obwohl es laut Tierarzt gesund ist? In einer&nbsp;TIERENERGETISCHEN SESSION&nbsp;und anschliessender Beratung f\u00fcr Dich helfe ich Deinem Tier, wieder in Balance zu kommen und zeige Dir, wie du es langfristig unterst\u00fctzen kannst<br><br><strong>DIE METHODEN<\/strong><br><br>In der <strong>TIERKOMMUNIKATION<\/strong> nehme ich \u00fcber die Alpha-Frequenz Kontakt zu Deinem Tier auf. Auf diese Weise kann ich die Ursachen f\u00fcr das vorliegende Thema herausfinden und das Tier positiv st\u00e4rken.<br><br>In der <strong>TIERENERGETISCHEN BEHANDLUNG<\/strong> arbeite ich direkt im Energiefeld deines Tieres. Neben der Chakren-<br>reinigung- und Ausgleichung wende ich je nach Bedarf die <br><br>MERIDIANBALANCE,<br>KINESIOLOGIE,<br>R\u00dcCKENBALANCE,<br>und FARBBALANCE an.<br><br>Durch die ausgleichende Wirkung dieser Methoden reicht ihr Einsatzgebiet von einfacher Wundheilung \u00fcber Minderung von Allergien bis zu Stressbew\u00e4ltigung und Verhaltens\u00e4nderungen.<br><br>Im anschliessenden BERATUNGSGESPR\u00c4CH gebe ich dir wertvolle Tips, was Du tun kannst, um dein Tier optimal zu unterst\u00fctzen. <\/mark><\/p>\n\n\n\n<p class=\"has-accent-color has-text-color\"><mark style=\"background-color:rgba(0, 0, 0, 0);color:#ffffff\" class=\"has-inline-color\">Mensch und Tier sind ein Team, das gemeinsam betrachtet werden muss. Du als HalterIn hast wesentlichen Einfluss auf das Wohlbefinden deines Tieres. H\u00e4ufig \u00fcbernehmen Tiere die Themen von Frauchen oder Herrchen, um sie zu entlasten. Oder sie agieren ihre belastende Situation in Ersatzhandlungen aus. Die Gleichung ist ganz einfach:<br> Je zufriedener und ausgeglichener der\/die HalterIn, desto gl\u00fccklicher der Hund\/die Katze\/das Pferd. <br>Selbstverst\u00e4ndlich gibt es auch Themen, die nur deinem Tier &#8222;geh\u00f6ren&#8220;. Dies gilt es herauszufinden.<br><br>PREISE<br><br>Tierkommunikation (TK) \u20ac 80,- <br>Tierenergetische Behandlung (TE) \u20ac 100,- <br>TK &amp; TE in 1 Session \u20ac 160,- <br>Beratung HalterIn (ca. 45 min) \u20ac 60,- <br><br>INFO &amp; BUCHUNG<br>Email&nbsp;<a href=\"mailto:office@shetransforms.at\">office@shetransforms.at<\/a><br>Mobil +43 (0) 699 12605795<br><br><br>* Hunde mit ausgepr\u00e4gtem Agressionspotential ist parallel die Arbeit mit einem positiv arbeitenden Hundeverhaltenstrainer angeraten.<\/mark><\/p>\n\n\n\n<p class=\"has-text-align-center has-accent-color has-text-color\"><mark style=\"background-color:rgba(0, 0, 0, 0);color:#ffffff\" class=\"has-inline-color\"><br><strong>AUF EUER DREAM TEAM!<\/strong><\/mark><\/p>\n\n\n\n<p><\/p>\n","protected":false},"excerpt":{"rendered":"<p>DEIN Tier ist unausgeglichen, zeigt scheinbar grundlos auff\u00e4lliges Verhalten oder leidet unter gesundheitlichen Problemen, obwohl es laut Tierarzt gesund ist? In einer&nbsp;TIERENERGETISCHEN SESSION&nbsp;und anschliessender Beratung f\u00fcr Dich helfe ich Deinem Tier, wieder in Balance zu kommen und zeige Dir, wie du es langfristig unterst\u00fctzen kannst DIE METHODEN In der TIERKOMMUNIKATION nehme ich \u00fcber die Alpha-Frequenz [&hellip;]<\/p>\n","protected":false},"author":1,"featured_media":0,"parent":8,"menu_order":0,"comment_status":"closed","ping_status":"closed","template":"","meta":{"footnotes":""},"class_list":["post-371","page","type-page","status-publish","hentry"],"_links":{"self":[{"href":"https:\/\/shetransforms.at\/index.php\/wp-json\/wp\/v2\/pages\/371","targetHints":{"allow":["GET"]}}],"collection":[{"href":"https:\/\/shetransforms.at\/index.php\/wp-json\/wp\/v2\/pages"}],"about":[{"href":"https:\/\/shetransforms.at\/index.php\/wp-json\/wp\/v2\/types\/page"}],"author":[{"embeddable":true,"href":"https:\/\/shetransforms.at\/index.php\/wp-json\/wp\/v2\/users\/1"}],"replies":[{"embeddable":true,"href":"https:\/\/shetransforms.at\/index.php\/wp-json\/wp\/v2\/comments?post=371"}],"version-history":[{"count":86,"href":"https:\/\/shetransforms.at\/index.php\/wp-json\/wp\/v2\/pages\/371\/revisions"}],"predecessor-version":[{"id":11943,"href":"https:\/\/shetransforms.at\/index.php\/wp-json\/wp\/v2\/pages\/371\/revisions\/11943"}],"up":[{"embeddable":true,"href":"https:\/\/shetransforms.at\/index.php\/wp-json\/wp\/v2\/pages\/8"}],"wp:attachment":[{"href":"https:\/\/shetransforms.at\/index.php\/wp-json\/wp\/v2\/media?parent=371"}],"curies":[{"name":"wp","href":"https:\/\/api.w.org\/{rel}","templated":true}]}}