{"id":2502,"date":"2021-02-23T09:54:16","date_gmt":"2021-02-23T09:54:16","guid":{"rendered":"http:\/\/shetransforms.at\/?page_id=2502"},"modified":"2025-08-27T17:37:49","modified_gmt":"2025-08-27T17:37:49","slug":"impressum","status":"publish","type":"page","link":"https:\/\/shetransforms.at\/index.php\/impressum\/","title":{"rendered":"Impressum"},"content":{"rendered":"\n<p><mark style=\"background-color:rgba(0, 0, 0, 0);color:#ffffff\" class=\"has-inline-color\"><br><br><br><strong>Diensteanbieter<\/strong><\/mark><\/p>\n\n\n\n<p><mark style=\"background-color:rgba(0, 0, 0, 0);color:#ffffff\" class=\"has-inline-color\">Mag. Andrea Daniela Schlemmer<\/mark><\/p>\n\n\n\n<p class=\"has-text-color has-link-color wp-elements-806f420fff6ed1e40323f66563b8a9cb\" style=\"color:#cf8506\"><mark style=\"background-color:rgba(0, 0, 0, 0);color:#ffffff\" class=\"has-inline-color\">J\u00f6ss 2c<br>A-8403 Lang<br><br>Kontaktm\u00f6glichkeit: office@shetransforms.at<br><br>***<br><br>Mit meinen Angeboten gebe ich kein Heilversprechen. <br>Die angewendeten Tools und Methoden dienen der Anregung der Selbstheilungskr\u00e4fte der\/des Klienten\/in.<br>Jede\/r Klient\/in handelt in voller Eigenverantwortung.<br>Die Heilsessions ersetzen bei Krankheit keinen Arztbesuch.<br>Bei psychischen Diagnosen kontaktieren sie bitte einen Psychotherapeuten.<br><br><meta charset=\"utf-8\"><\/meta>***<br><\/mark><\/p>\n\n\n\n<p class=\"has-text-color has-link-color wp-elements-d34a11f888e30f0563fea3277ca3d5df\" style=\"color:#cf8506\"><strong><mark style=\"background-color:rgba(0, 0, 0, 0);color:#ffffff\" class=\"has-inline-color\">Online-Streitbeilegung (OS)<\/mark><\/strong><\/p>\n\n\n\n<p><mark style=\"background-color:rgba(0, 0, 0, 0);color:#ffffff\" class=\"has-inline-color\">Online-Streitbeilegung: Die Europ\u00e4ische Kommission stellt eine Plattform zur Online-Streitbeilegung (OS) bereit, die Sie unter\u00a0<a href=\"https:\/\/ec.europa.eu\/consumers\/odr\/\" target=\"_blank\" rel=\"noreferrer noopener\">https:\/\/ec.europa.eu\/consumers\/odr\/<\/a>\u00a0finden. Verbraucher haben die M\u00f6glichkeit, diese Plattform f\u00fcr die Beilegung ihrer Streitigkeiten zu nutzen.\u00a0<\/mark><\/p>\n\n\n\n<p><strong><mark style=\"background-color:rgba(0, 0, 0, 0);color:#ffffff\" class=\"has-inline-color\">Social Media und andere Onlinepr\u00e4senzen<\/mark><\/strong><\/p>\n\n\n\n<p><mark style=\"background-color:rgba(0, 0, 0, 0);color:#ffffff\" class=\"has-inline-color\">Dieses Impressum gilt auch f\u00fcr die folgenden Social-Media-Pr\u00e4senzen und Onlineprofile:<\/mark><\/p>\n\n\n\n<p><a href=\"https:\/\/www.facebook.com\/andrea.schlemmer.10\/\" target=\"_blank\" rel=\"noreferrer noopener\"><mark style=\"background-color:rgba(0, 0, 0, 0);color:#ffffff\" class=\"has-inline-color\">Facebook<\/mark><\/a><\/p>\n\n\n\n<p><a href=\"https:\/\/www.instagram.com\/she_transforms.at\/\" target=\"_blank\" rel=\"noreferrer noopener\"><mark style=\"background-color:rgba(0, 0, 0, 0);color:#ffffff\" class=\"has-inline-color\">Instagram<\/mark><\/a><\/p>\n\n\n\n<p><a href=\"https:\/\/www.linkedin.com\/in\/milamahi\/\"><mark style=\"background-color:rgba(0, 0, 0, 0);color:#ffffff\" class=\"has-inline-color\">LinkedIn<\/mark><\/a><\/p>\n\n\n\n<p><a href=\"https:\/\/www.youtube.com\/channel\/UChH9SVtD0ZSo1sFE2RLlAdA\"><mark style=\"background-color:rgba(0, 0, 0, 0);color:#ffffff\" class=\"has-inline-color\">YouTub<\/mark><\/a><a href=\"https:\/\/www.youtube.com\/channel\/UChH9SVtD0ZSo1sFE2RLlAdA\" target=\"_blank\" rel=\"noreferrer noopener\"><mark style=\"background-color:rgba(0, 0, 0, 0);color:#ffffff\" class=\"has-inline-color\">e<\/mark><\/a><\/p>\n\n\n\n<p><strong><mark style=\"background-color:rgba(0, 0, 0, 0);color:#ffffff\" class=\"has-inline-color\">Haftungs- und Urheberrechtshinweise<\/mark><\/strong><\/p>\n\n\n\n<p><mark style=\"background-color:rgba(0, 0, 0, 0);color:#ffffff\" class=\"has-inline-color\">Links auf fremde Webseiten: Inhalte fremder Webseiten, auf die wir direkt oder indirekt verweisen, liegen au\u00dferhalb unseres Verantwortungsbereiches und machen wir uns nicht zu Eigen. F\u00fcr alle Inhalte und insbesondere f\u00fcr Sch\u00e4den, die aus der Nutzung der in den verlinkten Webseiten aufrufbaren Informationen entstehen, haftet allein der Anbieter der verlinkten Webseiten.<\/mark><\/p>\n\n\n\n<p><mark style=\"background-color:rgba(0, 0, 0, 0);color:#ffffff\" class=\"has-inline-color\">Urheberrechte und Markenrechte: Alle auf dieser Website dargestellten Inhalte, wie Texte, Fotografien, Grafiken, Marken und Warenzeichen sind durch die jeweiligen Schutzrechte (Urheberrechte, Markenrechte) gesch\u00fctzt. Die Verwendung, Vervielf\u00e4ltigung usw. unterliegen unseren Rechten oder den Rechten der jeweiligen Urheber bzw. Rechteverwalter.<\/mark><\/p>\n\n\n\n<p><mark style=\"background-color:rgba(0, 0, 0, 0);color:#ffffff\" class=\"has-inline-color\">Hinweise auf Rechtsverst\u00f6\u00dfe: Sollten Sie innerhalb unseres Internetauftritts Rechtsverst\u00f6\u00dfe bemerken, bitten wir Sie uns auf diese hinzuweisen. Wir werden rechtswidrige Inhalte und Links nach Kenntnisnahme unverz\u00fcglich entfernen.<\/mark><\/p>\n\n\n\n<p class=\"has-accent-color has-text-color\"><a href=\"https:\/\/datenschutz-generator.de\/?l=de\"><mark style=\"background-color:rgba(0, 0, 0, 0);color:#ffffff\" class=\"has-inline-color\">Erstellt mit kostenlosem Datenschutz-Generator.de von Dr. Thomas Schwenke<\/mark><\/a><\/p>\n\n\n\n<div class=\"wp-block-file\"><a id=\"wp-block-file--media-7f2a7b42-0f2a-4819-95c1-9b89420e953c\" href=\"https:\/\/shetransforms.at\/wp-content\/uploads\/2021\/02\/DATENSCHUTZERKLA\u0308RUNG_She_transforms.pdf\"><mark style=\"background-color:rgba(0, 0, 0, 0)\" class=\"has-inline-color has-accent-color\">DATENSCHUTZERKLA\u0308RUNG_She_transforms<\/mark><\/a><\/div>\n","protected":false},"excerpt":{"rendered":"<p>Diensteanbieter Mag. Andrea Daniela Schlemmer J\u00f6ss 2cA-8403 Lang Kontaktm\u00f6glichkeit: office@shetransforms.at *** Mit meinen Angeboten gebe ich kein Heilversprechen. Die angewendeten Tools und Methoden dienen der Anregung der Selbstheilungskr\u00e4fte der\/des Klienten\/in.Jede\/r Klient\/in handelt in voller Eigenverantwortung.Die Heilsessions ersetzen bei Krankheit keinen Arztbesuch.Bei psychischen Diagnosen kontaktieren sie bitte einen Psychotherapeuten. *** Online-Streitbeilegung (OS) Online-Streitbeilegung: Die Europ\u00e4ische Kommission [&hellip;]<\/p>\n","protected":false},"author":1,"featured_media":0,"parent":0,"menu_order":0,"comment_status":"closed","ping_status":"closed","template":"","meta":{"footnotes":""},"class_list":["post-2502","page","type-page","status-publish","hentry"],"_links":{"self":[{"href":"https:\/\/shetransforms.at\/index.php\/wp-json\/wp\/v2\/pages\/2502","targetHints":{"allow":["GET"]}}],"collection":[{"href":"https:\/\/shetransforms.at\/index.php\/wp-json\/wp\/v2\/pages"}],"about":[{"href":"https:\/\/shetransforms.at\/index.php\/wp-json\/wp\/v2\/types\/page"}],"author":[{"embeddable":true,"href":"https:\/\/shetransforms.at\/index.php\/wp-json\/wp\/v2\/users\/1"}],"replies":[{"embeddable":true,"href":"https:\/\/shetransforms.at\/index.php\/wp-json\/wp\/v2\/comments?post=2502"}],"version-history":[{"count":35,"href":"https:\/\/shetransforms.at\/index.php\/wp-json\/wp\/v2\/pages\/2502\/revisions"}],"predecessor-version":[{"id":11684,"href":"https:\/\/shetransforms.at\/index.php\/wp-json\/wp\/v2\/pages\/2502\/revisions\/11684"}],"wp:attachment":[{"href":"https:\/\/shetransforms.at\/index.php\/wp-json\/wp\/v2\/media?parent=2502"}],"curies":[{"name":"wp","href":"https:\/\/api.w.org\/{rel}","templated":true}]}}