{"id":1830,"date":"2020-11-18T14:38:07","date_gmt":"2020-11-18T14:38:07","guid":{"rendered":"http:\/\/shetransforms.at\/?page_id=1830"},"modified":"2026-02-17T11:30:59","modified_gmt":"2026-02-17T11:30:59","slug":"codes-of-business","status":"publish","type":"page","link":"https:\/\/shetransforms.at\/index.php\/codes-of-business\/","title":{"rendered":"Codes of Business"},"content":{"rendered":"<div class=\"wp-block-image is-style-default\">\n<figure class=\"aligncenter size-large\"><img loading=\"lazy\" decoding=\"async\" width=\"1024\" height=\"1024\" src=\"https:\/\/shetransforms.at\/wp-content\/uploads\/2025\/11\/9-1024x1024.png\" alt=\"\" class=\"wp-image-11739\" srcset=\"https:\/\/shetransforms.at\/wp-content\/uploads\/2025\/11\/9-1024x1024.png 1024w, https:\/\/shetransforms.at\/wp-content\/uploads\/2025\/11\/9-300x300.png 300w, https:\/\/shetransforms.at\/wp-content\/uploads\/2025\/11\/9-150x150.png 150w, https:\/\/shetransforms.at\/wp-content\/uploads\/2025\/11\/9-768x768.png 768w, https:\/\/shetransforms.at\/wp-content\/uploads\/2025\/11\/9-450x450.png 450w, https:\/\/shetransforms.at\/wp-content\/uploads\/2025\/11\/9-600x600.png 600w, https:\/\/shetransforms.at\/wp-content\/uploads\/2025\/11\/9-100x100.png 100w, https:\/\/shetransforms.at\/wp-content\/uploads\/2025\/11\/9.png 1080w\" sizes=\"auto, (max-width: 1024px) 100vw, 1024px\" \/><\/figure>\n<\/div>\n\n\n<p class=\"has-text-align-center has-accent-color has-text-color has-link-color wp-elements-468dfa782857c6a941673fe71dd9ac6f\"><mark style=\"background-color:rgba(0, 0, 0, 0);color:#ffffff\" class=\"has-inline-color\"><br><strong>GANZHEITLICHKEIT IM BUSINESS<\/strong><\/mark><\/p>\n\n\n\n<p class=\"has-text-align-center\"><mark style=\"background-color:rgba(0, 0, 0, 0);color:#ffffff\" class=\"has-inline-color\">Ein holistischer Zugang zur Welt bezieht alle Ebenen eines Systems mit ein. Daher arbeite ich mit einem der ganzheitlichsten Werkzeuge das uns aktuell zur Verf\u00fcgung steht &#8211; dem Human Design System.<br><br>Das Human Design System ist die erste umfassende Synthese aus den modernen Wissenschaften und dem alten Wissen: moderne Physik, Astronomie, Genetik und Biochemie trifft auf Astrologie, I Ging, Chakra-Lehre und Kabbala.&nbsp;<br><br>Die daraus entwickelte K\u00f6rpergrafik zeigt dir deine genetische Matrix, deine Pers\u00f6nlichkeitsstruktur: Du siehst, wer Du in Wahrheit und von deiner Anlage her bist.<br><br><br><strong>SOUL &amp; PASSION<\/strong><\/mark><\/p>\n\n\n\n<p class=\"has-text-align-center\"><mark style=\"background-color:rgba(0, 0, 0, 0);color:#ffffff\" class=\"has-inline-color\">Dein Business ist die Verl\u00e4ngerung deiner Energie. Ich bin davon \u00fcberzeugt, dass Freude und Leidenschaft die Grundpfeiler eines erfolgreichen Unternehmens darstellen. Dein Business im Einklang mit deiner (Seelen-) Vision gibt dir Energie und best\u00e4rkt dich in deinem Sein.<br><br><br><strong>DEINE VISION &#8211; DEINE WAHRHEIT<\/strong><\/mark><\/p>\n\n\n\n<p class=\"has-text-align-center\"><mark style=\"background-color:rgba(0, 0, 0, 0);color:#ffffff\" class=\"has-inline-color\">Integrit\u00e4t und Authentizit\u00e4t sind heute wichtiger denn je.<br>Das ist der Grund warum 0815 Strategien dich nicht weiterbringen. Sie gehen von einer Norm aus, die dem Einzelnen nicht gerecht wird.<br><br>Auf Basis deines individuellen Designs ist es m\u00f6glich, deine St\u00e4rken und Potentiale auszulesen und s\u00e4mtliche Codes f\u00fcr dein Business herauszufiltern. Wir erschaffen dein massgeschneidertes Soul Business, schleifen es zur unverkennbaren Marke und\/oder verleihen deinem bestehenden Business deine ureigene Handschrift. <br><br><br><strong>DEIN BUSINESS IST DIE VERL\u00c4NGERUNG<br> DEINER ENERGIE<\/strong><\/mark><\/p>\n\n\n\n<p class=\"has-text-align-left\"><mark style=\"background-color:rgba(0, 0, 0, 0);color:#ffffff\" class=\"has-inline-color\"><br>Mit deinen CODES erf\u00e4hrst Du:<br><br>* Was deine wahren TALENTE &amp; ST\u00c4RKEN sind<br><br>* Was deine urspr\u00fcngliche AUFGABE im Leben ist<br><br>* Auf welchen ENERGIE Potentialen Du dein Business am sinnvollesten aufbaust<br><br>* Was Du zu geben hast, sodass es Dir ENERGIE gibt<br><br>* Wer dein SOULMATE ist und was er wirklich von dir braucht<br><br>* Was dein ALLEINSTELLUNGSMERKMAL ist<br><br>* Wie Du am leichtesten F\u00dcLLE generierst<br><br>* Was deine MARKETING Botschaft ist<br><br>&#8230;und vieles mehr.<br><br>Wir besprechen Deine BUSINESS CODES in einem Zoom Call, zus\u00e4tzlich erh\u00e4ltst Du ein ausf\u00fchrliches PDF mit deinen Codes zum Nachlesen.<br><br>DAUER ca. 2-2,5h<br>PREIS \u20ac 360,-<br>Online via Zoom<br><br>INFO &amp; BUCHUNG<br>Email <a href=\"mailto:office@shetransforms.at\">office@shetransforms.at<\/a><br>Mobil +43 (0) 699 12605795<\/mark><\/p>\n\n\n\n<p class=\"has-text-align-center\"><mark style=\"background-color:rgba(0, 0, 0, 0)\" class=\"has-inline-color has-accent-color\"><br><br><\/mark><strong><mark style=\"background-color:rgba(0, 0, 0, 0);color:#ffffff\" class=\"has-inline-color\">AUF DEIN SOUL BUSINESS!<\/mark><\/strong><\/p>\n\n\n\n<p class=\"has-text-align-center\"><br><br><mark style=\"background-color:rgba(0, 0, 0, 0);color:#ffffff\" class=\"has-inline-color\">KLIENTINNEN FEEDBACK<\/mark><\/p>\n\n\n\n<p class=\"has-text-align-center\"><mark style=\"background-color:rgba(0, 0, 0, 0);color:#ffffff\" class=\"has-inline-color\">\u201cMilas Codes Business Reading war gro\u00dfartig und hat mich wieder ein St\u00fcck weiter gebracht. Sehr detailliert und mit viel Feingef\u00fchl geht Mila auf diverse Aspekte des Business ein: Marketing, Superpower, Lernfelder, was Kunden brauchen etc. Dabei gab es f\u00fcr mich einige Aha-Momente und neue Aspekte, die ich in Zukunft ber\u00fccksichtigen und integrieren werde. Auch die sehr ausf\u00fchrliche schriftliche Zusammenfassung ist absolut hilfreich. Ich kann Milas Beratung absolut empfehlen!\u201d<br><br>Susanne aus Leibnitz, \u00d6sterreich<\/mark><\/p>\n","protected":false},"excerpt":{"rendered":"<p>GANZHEITLICHKEIT IM BUSINESS Ein holistischer Zugang zur Welt bezieht alle Ebenen eines Systems mit ein. Daher arbeite ich mit einem der ganzheitlichsten Werkzeuge das uns aktuell zur Verf\u00fcgung steht &#8211; dem Human Design System. Das Human Design System ist die erste umfassende Synthese aus den modernen Wissenschaften und dem alten Wissen: moderne Physik, Astronomie, Genetik [&hellip;]<\/p>\n","protected":false},"author":1,"featured_media":0,"parent":0,"menu_order":0,"comment_status":"closed","ping_status":"closed","template":"","meta":{"footnotes":""},"class_list":["post-1830","page","type-page","status-publish","hentry"],"_links":{"self":[{"href":"https:\/\/shetransforms.at\/index.php\/wp-json\/wp\/v2\/pages\/1830","targetHints":{"allow":["GET"]}}],"collection":[{"href":"https:\/\/shetransforms.at\/index.php\/wp-json\/wp\/v2\/pages"}],"about":[{"href":"https:\/\/shetransforms.at\/index.php\/wp-json\/wp\/v2\/types\/page"}],"author":[{"embeddable":true,"href":"https:\/\/shetransforms.at\/index.php\/wp-json\/wp\/v2\/users\/1"}],"replies":[{"embeddable":true,"href":"https:\/\/shetransforms.at\/index.php\/wp-json\/wp\/v2\/comments?post=1830"}],"version-history":[{"count":164,"href":"https:\/\/shetransforms.at\/index.php\/wp-json\/wp\/v2\/pages\/1830\/revisions"}],"predecessor-version":[{"id":11940,"href":"https:\/\/shetransforms.at\/index.php\/wp-json\/wp\/v2\/pages\/1830\/revisions\/11940"}],"wp:attachment":[{"href":"https:\/\/shetransforms.at\/index.php\/wp-json\/wp\/v2\/media?parent=1830"}],"curies":[{"name":"wp","href":"https:\/\/api.w.org\/{rel}","templated":true}]}}