{"id":1433,"date":"2020-10-15T18:34:52","date_gmt":"2020-10-15T18:34:52","guid":{"rendered":"http:\/\/shetransforms.at\/?page_id=1433"},"modified":"2020-11-30T12:30:45","modified_gmt":"2020-11-30T12:30:45","slug":"energetic-games","status":"publish","type":"page","link":"https:\/\/shetransforms.at\/index.php\/the-new-umoma-opens-its-doors-2\/energetic-games\/","title":{"rendered":"ENERGETIC  GAMES Workshop"},"content":{"rendered":"\n<figure class=\"wp-block-image alignfull size-large\"><img decoding=\"async\" src=\"https:\/\/shetransforms.at\/wp-content\/uploads\/2020\/10\/Energetic-Games-1024x640.jpg\" alt=\"\" class=\"wp-image-1522\"\/><\/figure>\n\n\n\n<p>Der gesamte Kosmos besteht aus Energie. <br>Energie manifestiert sich sowohl feinstofflich als auch materiell.<br>Gedanken und Ideen sind somit ebenso energiegeladene Schwingungen wie dein eigener K\u00f6rper, den Du ber\u00fchren kannst.<br><br>Zudem schwingt jede energetische Form in einer bestimmten Frequenz. Gedanken und Emotionen mit hoher Frequenz sind besispielsweise LIEBE, FREUDE oder DANKBARKEIT, w\u00e4hrend HASS, NEID oder EIFERSUCHT sehr niedrige Frequenzen darstellen.<br><br>Ebenso gibt es auf der sensorischen Ebene eine Vielzahl an M\u00f6glichkeiten, deine Energie zu shiften, h\u00f6her zu schwingen und deine Frequenz anzuheben. <br><br>FARBEN, D\u00dcFTE, T\u00d6NE oder HEILSTEINE k\u00f6nnen uns zum Beispiel unterst\u00fctzen, uns zu aktivieren oder zu beruhigen. Sie wirken direkt \u00fcber unsere Sinne auf unseren Energiek\u00f6rper. <\/p>\n\n\n\n<p>Der Grad deines BEWUSSTSEINS f\u00fcr alles was ist sowie die VERBINDUNG mit deinem H\u00f6heren Selbst und dem Grossen Ganzen, der Sch\u00f6pfung an sich, spiegelt sich ebenso in unterschiedlich hohen Frequenzen wieder. Aus diesem Grund sind MEDITATIONEN und Techniken zur Bewusstseinsschulung so wirkungsvoll.<br><br>Bewusstes ENERGIEMANAGEMENT bedeutet, dass Du deine Grund-Energie kennst, und mit ihr sorgsam haushaltest. Mithilfe deines individuellen HUMAN DESIGNS kannst Du erkennen, was Dir Energie gibt oder nimmt, und wie Du Deine Energie aktivierst.<br><br>Last but not least hat dein LEBENSSTIL, die NAHRUNG die Du dir zuf\u00fchrst, die LUFT die Du atmest und die BEWEGUNG die du machst nat\u00fcrlich einen riesigen Einfluss auf deinen Energiehaushalt.<br><br>Das Wichtigste jedoch ist, dass Du bei alledem SPASS und FREUDE empfindest, dass Du deinen SINN gefunden hast und weisst, wof\u00fcr Du hier bist. <\/p>\n\n\n\n<h3 class=\"has-text-align-center wp-block-heading\"><span style=\"color:#be9415\" class=\"has-inline-color\">ENERGIE FOLGT DER AUFMERKSAMKEIT<\/span><\/h3>\n\n\n\n<p><br>DU willst deine Energie shiften?<br>Du willst erkennen, was f\u00fcr ein Energie-Typ Du bist?<br>Was dir Energie gibt oder nimmt und wie Du es selbst beeinflussen kannst?<br>Wie Du deinen energetischen Container auff\u00fcllst, h\u00e4ltst und keine Energie mehr durch unachtsame Energiefresser verlierst?<br><br>Dann lade ich dich ganz herzlich zu deinem ENERGETIC GAMES Workshop ein!<br><br>WAS DICH ERWARTET<br><br>Tag 1 Dein Energietyp \u2013 welche Grundenergien Dir permanent zur Verf\u00fcgung stehen<br>Tag 2 Energier\u00e4uber und Muster enttarnen \u2013 Dekonstruktion alter Gewohnheiten<br>Tag 3 Energie Aktivierung &amp; Energiemanagement &#8211; Tools, Techniken &amp; \u00dcbungen f\u00fcr dein Energy upgrade<br><br>WANN? 26.-28.01.21, jeweils von 19.00-21.00 Uhr<br><br>Dieser Workshop l\u00e4dt dich ein, AKTIV deine Energiemuster zu erkennen, und herauszufinden, wie Du zu einem gesunden und harmonischen Energiemanagement gelangst. <\/p>\n\n\n\n<h4 class=\"has-text-align-center wp-block-heading\"><span style=\"color:#be9415\" class=\"has-inline-color\">BIST DU BEREIT F\u00dcR DEINEN ENERGY SHIFT?<\/span><\/h4>\n\n\n\n<p>Dann schreib mir gerne eine Email an office@shetransforms \/ oder via email Button auf dieser Seite mit Betreff ENERGETIC WORKSHOP und sichere Dir deinen Platz!<\/p>\n\n\n\n<p>Der WS findet als Livetraining via Zoom statt.<br>Preis: \u20ac 69,- inkl. Ust<\/p>\n\n\n\n<p>Sobald deine Email bei uns eingelangt ist, erh\u00e4ltst Du alle Details sowie eine Einladung in die private FB Gruppe.<\/p>\n\n\n\n<p>Ich freue mich riesig auf Dich!<br>Love, MILA<\/p>\n","protected":false},"excerpt":{"rendered":"<p>Der gesamte Kosmos besteht aus Energie. Energie manifestiert sich sowohl feinstofflich als auch materiell.Gedanken und Ideen sind somit ebenso energiegeladene Schwingungen wie dein eigener K\u00f6rper, den Du ber\u00fchren kannst. Zudem schwingt jede energetische Form in einer bestimmten Frequenz. Gedanken und Emotionen mit hoher Frequenz sind besispielsweise LIEBE, FREUDE oder DANKBARKEIT, w\u00e4hrend HASS, NEID oder EIFERSUCHT [&hellip;]<\/p>\n","protected":false},"author":1,"featured_media":0,"parent":8,"menu_order":0,"comment_status":"closed","ping_status":"closed","template":"","meta":{"footnotes":""},"class_list":["post-1433","page","type-page","status-publish","hentry"],"_links":{"self":[{"href":"https:\/\/shetransforms.at\/index.php\/wp-json\/wp\/v2\/pages\/1433","targetHints":{"allow":["GET"]}}],"collection":[{"href":"https:\/\/shetransforms.at\/index.php\/wp-json\/wp\/v2\/pages"}],"about":[{"href":"https:\/\/shetransforms.at\/index.php\/wp-json\/wp\/v2\/types\/page"}],"author":[{"embeddable":true,"href":"https:\/\/shetransforms.at\/index.php\/wp-json\/wp\/v2\/users\/1"}],"replies":[{"embeddable":true,"href":"https:\/\/shetransforms.at\/index.php\/wp-json\/wp\/v2\/comments?post=1433"}],"version-history":[{"count":18,"href":"https:\/\/shetransforms.at\/index.php\/wp-json\/wp\/v2\/pages\/1433\/revisions"}],"predecessor-version":[{"id":2007,"href":"https:\/\/shetransforms.at\/index.php\/wp-json\/wp\/v2\/pages\/1433\/revisions\/2007"}],"up":[{"embeddable":true,"href":"https:\/\/shetransforms.at\/index.php\/wp-json\/wp\/v2\/pages\/8"}],"wp:attachment":[{"href":"https:\/\/shetransforms.at\/index.php\/wp-json\/wp\/v2\/media?parent=1433"}],"curies":[{"name":"wp","href":"https:\/\/api.w.org\/{rel}","templated":true}]}}